{"id":6514,"date":"2020-12-09T13:43:47","date_gmt":"2020-12-09T13:43:47","guid":{"rendered":"http:\/\/www.opcinamilna.hr\/?page_id=6514"},"modified":"2021-04-30T16:44:53","modified_gmt":"2021-04-30T16:44:53","slug":"podhume","status":"publish","type":"page","link":"https:\/\/www.opcinamilna.hr\/it\/podhume\/","title":{"rendered":"Metropolitana"},"content":{"rendered":"<div data-elementor-type=\"wp-page\" data-elementor-id=\"6514\" class=\"elementor elementor-6514\" data-elementor-post-type=\"page\">\n\t\t\t\t\t\t<section class=\"elementor-section elementor-top-section elementor-element elementor-element-f71991b elementor-section-height-min-height elementor-section-boxed elementor-section-height-default elementor-section-items-middle\" data-id=\"f71991b\" data-element_type=\"section\" data-e-type=\"section\" data-settings=\"{&quot;background_background&quot;:&quot;classic&quot;}\">\n\t\t\t\t\t\t\t<div class=\"elementor-background-overlay\"><\/div>\n\t\t\t\t\t\t\t<div class=\"elementor-container elementor-column-gap-default\">\n\t\t\t\t\t<div class=\"elementor-column elementor-col-50 elementor-top-column elementor-element elementor-element-3720e42\" data-id=\"3720e42\" data-element_type=\"column\" data-e-type=\"column\">\n\t\t\t<div class=\"elementor-widget-wrap elementor-element-populated\">\n\t\t\t\t\t\t<div class=\"elementor-element elementor-element-4138a7f elementor-widget elementor-widget-text-editor\" data-id=\"4138a7f\" data-element_type=\"widget\" data-e-type=\"widget\" data-widget_type=\"text-editor.default\">\n\t\t\t\t<div class=\"elementor-widget-container\">\n\t\t\t\t\t\t\t\t\t<a style=\"color: #fff;\" href=\"http:\/\/www.artix.hr\/clients\/opcinamilna\/lozisca\/\">Casa<\/a>\n<span style=\"color: #3a89ff;\">\/<\/span>\nNon perderti la possibilit\u00e0 di scoprire\n<span style=\"color: #3a89ff;\">\/<\/span>\n<a style=\"color: #fff;\" href=\"http:\/\/www.artix.hr\/clients\/opcinamilna\/podhume\/\">Metropolitana<\/a>\t\t\t\t\t\t\t\t<\/div>\n\t\t\t\t<\/div>\n\t\t\t\t<div class=\"elementor-element elementor-element-b68792e elementor-widget elementor-widget-theme-post-title elementor-page-title elementor-widget-heading\" data-id=\"b68792e\" data-element_type=\"widget\" data-e-type=\"widget\" data-widget_type=\"theme-post-title.default\">\n\t\t\t\t<div class=\"elementor-widget-container\">\n\t\t\t\t\t<h1 class=\"elementor-heading-title elementor-size-default\">Metropolitana<\/h1>\t\t\t\t<\/div>\n\t\t\t\t<\/div>\n\t\t\t\t\t<\/div>\n\t\t<\/div>\n\t\t\t\t<div class=\"elementor-column elementor-col-50 elementor-top-column elementor-element elementor-element-09aa0d1\" data-id=\"09aa0d1\" data-element_type=\"column\" data-e-type=\"column\">\n\t\t\t<div class=\"elementor-widget-wrap\">\n\t\t\t\t\t\t\t<\/div>\n\t\t<\/div>\n\t\t\t\t\t<\/div>\n\t\t<\/section>\n\t\t\t\t<section class=\"elementor-section elementor-top-section elementor-element elementor-element-b00e62e elementor-section-boxed elementor-section-height-default elementor-section-height-default\" data-id=\"b00e62e\" data-element_type=\"section\" data-e-type=\"section\">\n\t\t\t\t\t\t<div class=\"elementor-container elementor-column-gap-default\">\n\t\t\t\t\t<div class=\"elementor-column elementor-col-100 elementor-top-column elementor-element elementor-element-42d6a6e\" data-id=\"42d6a6e\" data-element_type=\"column\" data-e-type=\"column\">\n\t\t\t<div class=\"elementor-widget-wrap elementor-element-populated\">\n\t\t\t\t\t\t<section class=\"elementor-section elementor-inner-section elementor-element elementor-element-752fcf0 elementor-section-boxed elementor-section-height-default elementor-section-height-default\" data-id=\"752fcf0\" data-element_type=\"section\" data-e-type=\"section\">\n\t\t\t\t\t\t<div class=\"elementor-container elementor-column-gap-default\">\n\t\t\t\t\t<div class=\"elementor-column elementor-col-50 elementor-inner-column elementor-element elementor-element-2a70063\" data-id=\"2a70063\" data-element_type=\"column\" data-e-type=\"column\">\n\t\t\t<div class=\"elementor-widget-wrap elementor-element-populated\">\n\t\t\t\t\t\t<div class=\"elementor-element elementor-element-298a8c6 elementor-widget elementor-widget-text-editor\" data-id=\"298a8c6\" data-element_type=\"widget\" data-e-type=\"widget\" data-widget_type=\"text-editor.default\">\n\t\t\t\t<div class=\"elementor-widget-container\">\n\t\t\t\t\t\t\t\t\t<p>Nadomak Milne, u unutra\u0161njosti otoka, na sun\u010danoj strani brda Humi, nalaze se Pothume. Pothume danas, iako napu\u0161teno, svjedo\u010di o tradiciji autohtone oto\u010dne gradnje, gdje su ku\u0107e gra\u0111ene od dobro obra\u0111enog i kvalitetnog bra\u010dkog kamena, stopljene s prirodom, ne naru\u0161avaju\u0107i krajobraz (dio naselja o\u010duvan je do danas). U dvori\u0161tima su se nalazili prate\u0107i gospodarski objekti: bunar, gusterna, kru\u0161na pe\u0107, staja za stoku. Dvor oko ku\u0107e i objekti svjedo\u010de o na\u010dinu \u017eivota bra\u010dkih obitelji iz 17. st., koje su se prete\u017eito bavile sto\u010darstvom.<\/p>\t\t\t\t\t\t\t\t<\/div>\n\t\t\t\t<\/div>\n\t\t\t\t<div class=\"elementor-element elementor-element-c6b3ac1 elementor-widget elementor-widget-image\" data-id=\"c6b3ac1\" data-element_type=\"widget\" data-e-type=\"widget\" data-widget_type=\"image.default\">\n\t\t\t\t<div class=\"elementor-widget-container\">\n\t\t\t\t\t\t\t\t\t\t\t\t\t\t\t\t<a href=\"http:\/\/www.artix.hr\/clients\/opcinamilna\/wp-content\/uploads\/2021\/02\/podhume_01.jpg\" data-elementor-open-lightbox=\"yes\" data-elementor-lightbox-title=\"podhume_01\" data-e-action-hash=\"#elementor-action%3Aaction%3Dlightbox%26settings%3DeyJpZCI6NzE2OCwidXJsIjoiaHR0cHM6XC9cL3d3dy5vcGNpbmFtaWxuYS5oclwvd3AtY29udGVudFwvdXBsb2Fkc1wvMjAyMVwvMDJcL3BvZGh1bWVfMDEuanBnIn0%3D\">\n\t\t\t\t\t\t\t<img fetchpriority=\"high\" decoding=\"async\" width=\"1920\" height=\"1280\" src=\"https:\/\/www.opcinamilna.hr\/wp-content\/uploads\/2021\/02\/podhume_01.jpg\" class=\"attachment-full size-full wp-image-7168\" alt=\"\" srcset=\"https:\/\/www.opcinamilna.hr\/wp-content\/uploads\/2021\/02\/podhume_01.jpg 1920w, https:\/\/www.opcinamilna.hr\/wp-content\/uploads\/2021\/02\/podhume_01-300x200.jpg 300w, https:\/\/www.opcinamilna.hr\/wp-content\/uploads\/2021\/02\/podhume_01-1024x683.jpg 1024w, https:\/\/www.opcinamilna.hr\/wp-content\/uploads\/2021\/02\/podhume_01-768x512.jpg 768w, https:\/\/www.opcinamilna.hr\/wp-content\/uploads\/2021\/02\/podhume_01-1536x1024.jpg 1536w, https:\/\/www.opcinamilna.hr\/wp-content\/uploads\/2021\/02\/podhume_01-16x12.jpg 16w\" sizes=\"(max-width: 1920px) 100vw, 1920px\" \/>\t\t\t\t\t\t\t\t<\/a>\n\t\t\t\t\t\t\t\t\t\t\t\t\t\t\t<\/div>\n\t\t\t\t<\/div>\n\t\t\t\t<div class=\"elementor-element elementor-element-9ab74b9 elementor-widget elementor-widget-spacer\" data-id=\"9ab74b9\" data-element_type=\"widget\" data-e-type=\"widget\" data-widget_type=\"spacer.default\">\n\t\t\t\t<div class=\"elementor-widget-container\">\n\t\t\t\t\t\t\t<div class=\"elementor-spacer\">\n\t\t\t<div class=\"elementor-spacer-inner\"><\/div>\n\t\t<\/div>\n\t\t\t\t\t\t<\/div>\n\t\t\t\t<\/div>\n\t\t\t\t<div class=\"elementor-element elementor-element-cc8938b elementor-widget elementor-widget-heading\" data-id=\"cc8938b\" data-element_type=\"widget\" data-e-type=\"widget\" data-widget_type=\"heading.default\">\n\t\t\t\t<div class=\"elementor-widget-container\">\n\t\t\t\t\t<h3 class=\"elementor-heading-title elementor-size-default\">Podhume danas <\/h3>\t\t\t\t<\/div>\n\t\t\t\t<\/div>\n\t\t\t\t<div class=\"elementor-element elementor-element-651ded0 elementor-widget elementor-widget-text-editor\" data-id=\"651ded0\" data-element_type=\"widget\" data-e-type=\"widget\" data-widget_type=\"text-editor.default\">\n\t\t\t\t<div class=\"elementor-widget-container\">\n\t\t\t\t\t\t\t\t\t<p>Pothume je danas nenaseljeno, ali se po\u010delo obnavljati u izvornom stilu. Zbog lo\u0161eg puta koji vodi prema naselju, u planu je obnova lokalne ceste (plan za 2021. godinu), \u0161to \u0107e zasigurno pove\u0107ati zanimanje za to sun\u010dano i autohtono bra\u010dko selo bogate pro\u0161losti, koje ima velik potencijal za razvoj ruralnog i aktivnog turizma.<\/p>\t\t\t\t\t\t\t\t<\/div>\n\t\t\t\t<\/div>\n\t\t\t\t\t<\/div>\n\t\t<\/div>\n\t\t\t\t<div class=\"elementor-column elementor-col-50 elementor-inner-column elementor-element elementor-element-28675dd\" data-id=\"28675dd\" data-element_type=\"column\" data-e-type=\"column\" data-settings=\"{&quot;background_background&quot;:&quot;classic&quot;}\">\n\t\t\t<div class=\"elementor-widget-wrap elementor-element-populated\">\n\t\t\t\t\t\t<div class=\"elementor-element elementor-element-767f7fe elementor-view-default elementor-widget elementor-widget-icon\" data-id=\"767f7fe\" data-element_type=\"widget\" data-e-type=\"widget\" data-widget_type=\"icon.default\">\n\t\t\t\t<div class=\"elementor-widget-container\">\n\t\t\t\t\t\t\t<div class=\"elementor-icon-wrapper\">\n\t\t\t<div class=\"elementor-icon\">\n\t\t\t<svg xmlns=\"http:\/\/www.w3.org\/2000\/svg\" xmlns:xlink=\"http:\/\/www.w3.org\/1999\/xlink\" id=\"Layer_1\" x=\"0px\" y=\"0px\" viewbox=\"0 0 86.9 101.1\" style=\"enable-background:new 0 0 86.9 101.1;\" xml:space=\"preserve\"><style type=\"text\/css\">\t.st0{clip-path:url(#SVGID_2_);}\t.st1{clip-path:url(#SVGID_4_);}\t.st2{clip-path:url(#SVGID_6_);fill:#0082CA;}<\/style><g>\t<defs>\t\t<rect id=\"SVGID_1_\" x=\"3.4\" y=\"2.2\" width=\"79.9\" height=\"94\"><\/rect>\t<\/defs>\t<clippath id=\"SVGID_2_\">\t\t<use xlink:href=\"#SVGID_1_\" style=\"overflow:visible;\"><\/use>\t<\/clippath>\t<g class=\"st0\">\t\t<defs>\t\t\t<rect id=\"SVGID_3_\" x=\"3.4\" y=\"2.2\" width=\"79.9\" height=\"94\"><\/rect>\t\t<\/defs>\t\t<clippath id=\"SVGID_4_\">\t\t\t<use xlink:href=\"#SVGID_3_\" style=\"overflow:visible;\"><\/use>\t\t<\/clippath>\t\t<g class=\"st1\">\t\t\t<g>\t\t\t\t<defs>\t\t\t\t\t<rect id=\"SVGID_5_\" x=\"-13.6\" y=\"-10.8\" width=\"113.9\" height=\"108\"><\/rect>\t\t\t\t<\/defs>\t\t\t\t<clippath id=\"SVGID_6_\">\t\t\t\t\t<use xlink:href=\"#SVGID_5_\" style=\"overflow:visible;\"><\/use>\t\t\t\t<\/clippath>\t\t\t\t<path class=\"st2\" d=\"M6,10.9v29.4c0,12.9,3.5,24,10.4,33.1c6.2,8.2,15.3,14.9,27,20c11.7-5,20.8-11.7,27-20      c6.9-9.1,10.4-20.2,10.4-33.1V10.9c-12.1-4-24.6-6.1-37.4-6.1S18,6.9,6,10.9 M43.3,96.3L42.8,96c-12.4-5.2-22-12.3-28.6-21      C7,65.5,3.4,53.8,3.4,40.4V9.1l0.9-0.3C16.9,4.4,30,2.2,43.3,2.2s26.5,2.2,39.1,6.5l0.9,0.3v31.3c0,13.4-3.7,25.1-10.9,34.7      c-6.6,8.7-16.2,15.8-28.6,21L43.3,96.3z\"><\/path>\t\t\t\t<path class=\"st2\" d=\"M38.6,68.3l-1-2.6c0-0.1-0.1-0.1-0.2-0.1c-0.1,0-0.2,0.1-0.2,0.1l-0.8,8.2c0,0,0,0.3,0.2,0.3l1.3,0.1      c0,0,0.3,0,0.3-0.2l0.3-5.3C38.7,68.8,38.7,68.6,38.6,68.3 M44.1,73C44.1,73,44.1,73,44.1,73L44.1,73C44.1,73,44.1,73,44.1,73      C44.1,73,44.1,73,44.1,73C44.1,73,44.1,73,44.1,73L40,62.3c0,0-0.1-0.3-0.4-0.3H38h0c-0.1,0-0.2,0.1-0.2,0.2c0,0,0,0,0,0      c0,0,0,0,0,0c0,0,0,0,0,0c0,0,0,0,0,0l4.3,10.7c0,0,0.1,0.3,0.4,0.3H44C44.1,73.2,44.1,73.1,44.1,73 M50.1,74l-0.9-11.7      c0,0,0-0.3-0.3-0.3h-1.7c0,0-0.3,0-0.4,0.3l-2.6,6.4c0,0-0.1,0.3,0,0.5l0.6,1.6c0,0.1,0.1,0.1,0.2,0.1s0.1,0,0.2-0.1l2.4-5.7      c0,0,0.1-0.3,0.1,0l0.6,9c0,0,0,0.3,0.3,0.3l1.3-0.1C49.9,74.3,50.1,74.2,50.1,74\"><\/path>\t\t\t\t<path class=\"st2\" d=\"M28.2,47.9c-1.5,3.7-1.6,6.4-0.3,8.3c1.7,2.5,5.4,2.8,8.7,2.8h5.9h14.3c1.1,0,1.4-1.3,1.6-3.8      c0.1-1.4,0.1-2.8,0.1-3.1l0-0.8c0-0.1,0-0.2-0.1-0.2c-0.1-0.1-0.2-0.1-0.3,0l0,0c-5.1,1.4-15.4,3-26.4,0c0,0,0,0,0,0      c-0.1,0-0.2,0-0.2,0c-0.1,0-0.1,0.1-0.1,0.2L31,52.3c-0.1,0.2,0,0.3,0.2,0.4l0,0c3.6,1,12.4,3.2,25.5,0.4c0,1.1-0.2,3.2-0.4,4.1      H42.5h-5.9c-3.1,0-6.1-0.2-7.3-2c-0.9-1.3-0.7-3.6,0.5-6.7c0.2-0.4,0-0.9-0.5-1.1c-0.1,0-0.2-0.1-0.3-0.1      C28.6,47.3,28.3,47.5,28.2,47.9\"><\/path>\t\t\t\t<path class=\"st2\" d=\"M65.9,43.9c0-0.1-0.1-0.1-0.1-0.2c-4.7-2.8-8.4-7-10.8-12c-2-4.3-2.9-9-2.5-13.7c0-0.2-0.1-0.3-0.3-0.3      L51,17.7c-0.2,0-0.3,0.1-0.3,0.3c-0.4,5,0.6,10,2.7,14.5c2.5,5.3,6.4,9.7,11.5,12.7c0,0,0.1,0,0.1,0c0.1,0,0.2-0.1,0.2-0.1      l0.6-1C65.9,44.1,65.9,44,65.9,43.9\"><\/path>\t\t\t\t<path class=\"st2\" d=\"M51.8,33.2c-1.6-3.5-2.6-7.1-2.8-10.9c0-0.1,0-0.1-0.1-0.2c-0.1-0.1-0.1-0.1-0.2-0.1l-1.1,0.1      c-0.2,0-0.3,0.1-0.3,0.3c0.3,4,1.3,7.8,3,11.5c2.2,4.7,5.4,8.7,9.5,11.9c0.1,0,0.1,0.1,0.2,0.1c0.1,0,0.2,0,0.2-0.1l0.7-0.9      c0-0.1,0.1-0.1,0.1-0.2c0-0.1,0-0.1-0.1-0.2C57,41.5,53.9,37.7,51.8,33.2\"><\/path>\t\t\t\t<path class=\"st2\" d=\"M48.7,34.7C47.4,31.9,46.5,29,46,26c0-0.2-0.2-0.3-0.3-0.2L44.5,26c-0.2,0-0.3,0.2-0.2,0.3      c0.5,3.1,1.5,6.2,2.9,9.1c2,4.2,4.7,7.9,8,11.1c0.1,0,0.1,0.1,0.2,0.1h0c0.1,0,0.1,0,0.2-0.1l0.8-0.8c0.1-0.1,0.1-0.3,0-0.4      C53.1,42.2,50.6,38.7,48.7,34.7\"><\/path>\t\t\t\t<path class=\"st2\" d=\"M45.6,36.1c-1-2.1-1.8-4.4-2.4-6.6c0-0.1-0.1-0.1-0.1-0.2c-0.1,0-0.1,0-0.2,0l-1.1,0.3      c-0.2,0-0.2,0.2-0.2,0.3c0.6,2.4,1.4,4.7,2.5,6.9c1.8,3.8,4.1,7.2,6.9,10.2c0.1,0.1,0.1,0.1,0.2,0.1c0,0,0,0,0,0      c0.1,0,0.1,0,0.2-0.1l0.8-0.8c0.1-0.1,0.1-0.3,0-0.4C49.5,43,47.3,39.7,45.6,36.1\"><\/path>\t\t\t\t<path class=\"st2\" d=\"M42.4,37.6c-0.7-1.6-1.4-3.2-1.9-4.8c0-0.1-0.1-0.1-0.1-0.2c-0.1,0-0.1,0-0.2,0L39.1,33      c-0.2,0-0.2,0.2-0.2,0.4c0.5,1.7,1.2,3.4,2,5c1.6,3.4,3.5,6.5,5.9,9.3c0.1,0.1,0.1,0.1,0.2,0.1c0.1,0,0.1,0,0.2-0.1l0.9-0.7      c0.1,0,0.1-0.1,0.1-0.2s0-0.2-0.1-0.2C45.9,43.8,43.9,40.8,42.4,37.6\"><\/path>\t\t\t\t<path class=\"st2\" d=\"M39.3,30.9v-7.2c0,0,0-0.3-0.3-0.3h-1.1c0,0-0.3,0-0.3,0.3v7.2c0,0,0,0.3,0.3,0.3H39      C39,31.2,39.3,31.2,39.3,30.9\"><\/path>\t\t\t\t<path class=\"st2\" d=\"M37.6,35.8l-1.1,0.4c-0.1,0-0.1,0.1-0.2,0.2c0,0.1,0,0.1,0,0.2c0.4,1.1,0.9,2.2,1.4,3.2      c1.4,3,3.1,5.8,5,8.4c0,0.1,0.1,0.1,0.2,0.1c0,0,0,0,0,0c0.1,0,0.1,0,0.2-0.1l0.9-0.7c0.1-0.1,0.2-0.3,0.1-0.4      c-1.9-2.5-3.5-5.2-4.9-8.1c-0.5-1-0.9-2.1-1.3-3.1C37.9,35.8,37.8,35.7,37.6,35.8\"><\/path>\t\t\t\t<path class=\"st2\" d=\"M36.3,33.5c0.1-0.1,0.1-0.3,0-0.4l-0.8-0.9c-0.1-0.1-0.1-0.1-0.2-0.1c-0.1,0-0.2,0-0.2,0.1      c-2,1.8-3.7,3.8-5.2,6.1c-1.3,2-2.3,4.1-3.1,6.4c-0.1,0.2,0,0.3,0.2,0.4l1.1,0.4c0,0,0.1,0,0.1,0c0,0,0.1,0,0.1,0      c0.1,0,0.1-0.1,0.1-0.2c0.7-2.1,1.7-4.1,2.9-6C32.8,37,34.5,35.1,36.3,33.5\"><\/path>\t\t\t\t<path class=\"st2\" d=\"M29,33.7c-0.7,0.9-1.3,1.8-1.9,2.7c-1.3,2.1-2.4,4.3-3.2,6.6c0,0.1,0,0.2,0,0.2c0,0.1,0.1,0.1,0.2,0.1      l1.1,0.4c0,0,0.1,0,0.1,0c0.1,0,0.2-0.1,0.3-0.2c0.8-2.2,1.8-4.3,3.1-6.2c0.6-0.9,1.2-1.8,1.8-2.6c0.1-0.1,0.1-0.3,0-0.4      l-0.9-0.7c-0.1,0-0.1-0.1-0.2-0.1S29.1,33.6,29,33.7\"><\/path>\t\t\t\t<path class=\"st2\" d=\"M25.4,35.9c0.1-0.1,0-0.3-0.1-0.4l-1-0.6c-0.1-0.1-0.3,0-0.4,0.1c-1.3,2-2.3,4.2-3.2,6.4c0,0.1,0,0.2,0,0.2      c0,0.1,0.1,0.1,0.2,0.2l1.1,0.4c0,0,0.1,0,0.1,0c0.1,0,0.2-0.1,0.3-0.2C23.2,39.9,24.2,37.8,25.4,35.9\"><\/path>\t\t\t\t<path class=\"st2\" d=\"M20.9,36.8c0-0.1,0-0.1,0-0.2c0-0.1-0.1-0.1-0.1-0.2l-1-0.5c-0.1,0-0.1,0-0.2,0c-0.1,0-0.1,0.1-0.2,0.1      c-0.6,1.2-1.2,2.5-1.7,3.7c-0.1,0.1,0,0.3,0.2,0.4l1.1,0.4c0,0,0.1,0,0.1,0c0.1,0,0.2-0.1,0.3-0.2C19.8,39.2,20.3,38,20.9,36.8\"><\/path>\t\t\t\t<path class=\"st2\" d=\"M36.5,48.3c-1.3-2-2.4-4.1-3.4-6.2c0-0.1-0.1-0.1-0.2-0.1s-0.2,0-0.2,0l-1,0.5c-0.1,0.1-0.2,0.2-0.1,0.4      c1,2.2,2.2,4.4,3.5,6.4c0.1,0.1,0.1,0.1,0.2,0.1c0.1,0,0.1,0,0.2,0l1-0.6c0.1,0,0.1-0.1,0.1-0.2C36.6,48.4,36.6,48.3,36.5,48.3\"><\/path>\t\t\t\t<path class=\"st2\" d=\"M33.9,39.7c0.2,0.5,0.4,1,0.7,1.5c1.2,2.6,2.7,5.1,4.3,7.4c0,0.1,0.1,0.1,0.2,0.1c0,0,0,0,0.1,0      c0.1,0,0.1,0,0.2-0.1l0.9-0.7c0.1-0.1,0.2-0.3,0.1-0.4c-1.6-2.3-3-4.7-4.1-7.2c-0.2-0.5-0.4-1-0.7-1.5c-0.1-0.1-0.2-0.2-0.4-0.2      l-1.1,0.5C33.9,39.4,33.9,39.6,33.9,39.7\"><\/path>\t\t\t\t<path class=\"st2\" d=\"M52.7,50.3h7.5v9.3c0,0.2,0.1,0.3,0.3,0.3h1.2c0.2,0,0.3-0.1,0.3-0.3V49.4c0-0.5-0.4-0.9-0.9-0.9h-8.4      c-0.2,0-0.3,0.1-0.3,0.3V50C52.4,50.1,52.5,50.3,52.7,50.3\"><\/path>\t\t\t\t<path class=\"st2\" d=\"M31.5,27.8c-0.1,0-0.1,0-0.2-0.1l-1.3-1.8l-2.2,0.7c-0.1,0-0.2,0-0.3-0.1s-0.1-0.2,0-0.3l1.3-1.8l-1.3-1.8      c-0.1-0.1-0.1-0.2,0-0.3c0.1-0.1,0.2-0.1,0.3-0.1l2.2,0.7l1.3-1.8c0.1-0.1,0.2-0.1,0.3-0.1c0.1,0,0.2,0.1,0.2,0.2l0,2.3l2.2,0.7      c0.1,0,0.2,0.1,0.2,0.2c0,0.1-0.1,0.2-0.2,0.2l-2.2,0.7l0,2.3C31.7,27.6,31.6,27.7,31.5,27.8C31.5,27.8,31.5,27.8,31.5,27.8\"><\/path>\t\t\t<\/g>\t\t<\/g>\t<\/g><\/g><\/svg>\t\t\t<\/div>\n\t\t<\/div>\n\t\t\t\t\t\t<\/div>\n\t\t\t\t<\/div>\n\t\t\t\t<div class=\"elementor-element elementor-element-11c2d29 elementor-widget-divider--view-line elementor-widget elementor-widget-divider\" data-id=\"11c2d29\" data-element_type=\"widget\" data-e-type=\"widget\" data-widget_type=\"divider.default\">\n\t\t\t\t<div class=\"elementor-widget-container\">\n\t\t\t\t\t\t\t<div class=\"elementor-divider\">\n\t\t\t<span class=\"elementor-divider-separator\">\n\t\t\t\t\t\t<\/span>\n\t\t<\/div>\n\t\t\t\t\t\t<\/div>\n\t\t\t\t<\/div>\n\t\t\t\t<div class=\"elementor-element elementor-element-5631de6 elementor-widget elementor-widget-heading\" data-id=\"5631de6\" data-element_type=\"widget\" data-e-type=\"widget\" data-widget_type=\"heading.default\">\n\t\t\t\t<div class=\"elementor-widget-container\">\n\t\t\t\t\t<h3 class=\"elementor-heading-title elementor-size-default\">Jeste li znali?\n<\/h3>\t\t\t\t<\/div>\n\t\t\t\t<\/div>\n\t\t\t\t<div class=\"elementor-element elementor-element-86830f8 sidebar-ol elementor-widget elementor-widget-text-editor\" data-id=\"86830f8\" data-element_type=\"widget\" data-e-type=\"widget\" data-widget_type=\"text-editor.default\">\n\t\t\t\t<div class=\"elementor-widget-container\">\n\t\t\t\t\t\t\t\t\t<ul><li>U Pothumama (ili u Pothume, kako govori doma\u0107e stanovni\u0161tvo) potkraj 19. st. \u017eivjelo je oko 50 \u017eitelja, prete\u017eito pastira.<\/li><li>Milnarski \u017eupnik je na zamolbu stanovnika sela Pothume tra\u017eio dopu\u0161tenje od hvarskog biskupa za gradnju male \u017eupe u selu 1898. godine, ali dopu\u0161tenje nije dobio.<\/li><li>Crkva je sagra\u0111ena tek 1925. godine, u \u010dast Gospe Lurdske.<\/li><\/ul>\t\t\t\t\t\t\t\t<\/div>\n\t\t\t\t<\/div>\n\t\t\t\t\t<\/div>\n\t\t<\/div>\n\t\t\t\t\t<\/div>\n\t\t<\/section>\n\t\t\t\t\t<\/div>\n\t\t<\/div>\n\t\t\t\t\t<\/div>\n\t\t<\/section>\n\t\t\t\t<\/div>","protected":false},"excerpt":{"rendered":"<p>Naslovna \/ Ne propustite otkriti \/ Podhume Nadomak Milne, u unutra\u0161njosti otoka, na sun\u010danoj strani brda Humi, nalaze se Pothume. Pothume danas, iako napu\u0161teno, svjedo\u010di o tradiciji autohtone oto\u010dne gradnje, gdje su ku\u0107e gra\u0111ene od dobro obra\u0111enog i kvalitetnog bra\u010dkog kamena, stopljene s prirodom, ne naru\u0161avaju\u0107i krajobraz (dio naselja o\u010duvan je do danas). U dvori\u0161tima [&hellip;]<\/p>\n","protected":false},"author":1,"featured_media":0,"parent":0,"menu_order":0,"comment_status":"closed","ping_status":"closed","template":"page.php","meta":{"inline_featured_image":false,"footnotes":""},"class_list":["post-6514","page","type-page","status-publish","hentry"],"yoast_head":"<!-- This site is optimized with the Yoast SEO plugin v27.6 - https:\/\/yoast.com\/product\/yoast-seo-wordpress\/ -->\n<title>Podhume - Otkrijte Milnu na otoku Bra\u010du<\/title>\n<meta name=\"robots\" content=\"index, follow, max-snippet:-1, max-image-preview:large, max-video-preview:-1\" \/>\n<link rel=\"canonical\" href=\"https:\/\/www.opcinamilna.hr\/it\/podhume\/\" \/>\n<meta property=\"og:locale\" content=\"it_IT\" \/>\n<meta property=\"og:type\" content=\"article\" \/>\n<meta property=\"og:title\" content=\"Podhume - Otkrijte Milnu na otoku Bra\u010du\" \/>\n<meta property=\"og:description\" content=\"Naslovna \/ Ne propustite otkriti \/ Podhume Nadomak Milne, u unutra\u0161njosti otoka, na sun\u010danoj strani brda Humi, nalaze se Pothume. Pothume danas, iako napu\u0161teno, svjedo\u010di o tradiciji autohtone oto\u010dne gradnje, gdje su ku\u0107e gra\u0111ene od dobro obra\u0111enog i kvalitetnog bra\u010dkog kamena, stopljene s prirodom, ne naru\u0161avaju\u0107i krajobraz (dio naselja o\u010duvan je do danas). U dvori\u0161tima [&hellip;]\" \/>\n<meta property=\"og:url\" content=\"https:\/\/www.opcinamilna.hr\/it\/podhume\/\" \/>\n<meta property=\"og:site_name\" content=\"Otkrijte Milnu na otoku Bra\u010du\" \/>\n<meta property=\"article:publisher\" content=\"https:\/\/www.facebook.com\/Op%c4%87ina-Milna-Put-razvoja-521314111668527\" \/>\n<meta property=\"article:modified_time\" content=\"2021-04-30T16:44:53+00:00\" \/>\n<meta property=\"og:image\" content=\"https:\/\/www.opcinamilna.hr\/wp-content\/uploads\/2021\/02\/podhume_01.jpg\" \/>\n<meta name=\"twitter:card\" content=\"summary_large_image\" \/>\n<meta name=\"twitter:label1\" content=\"Tempo di lettura stimato\" \/>\n\t<meta name=\"twitter:data1\" content=\"1 minuto\" \/>\n<script type=\"application\/ld+json\" class=\"yoast-schema-graph\">{\"@context\":\"https:\\\/\\\/schema.org\",\"@graph\":[{\"@type\":\"WebPage\",\"@id\":\"https:\\\/\\\/www.opcinamilna.hr\\\/podhume\\\/\",\"url\":\"https:\\\/\\\/www.opcinamilna.hr\\\/podhume\\\/\",\"name\":\"Podhume - Otkrijte Milnu na otoku Bra\u010du\",\"isPartOf\":{\"@id\":\"https:\\\/\\\/www.opcinamilna.hr\\\/#website\"},\"primaryImageOfPage\":{\"@id\":\"https:\\\/\\\/www.opcinamilna.hr\\\/podhume\\\/#primaryimage\"},\"image\":{\"@id\":\"https:\\\/\\\/www.opcinamilna.hr\\\/podhume\\\/#primaryimage\"},\"thumbnailUrl\":\"https:\\\/\\\/www.opcinamilna.hr\\\/wp-content\\\/uploads\\\/2021\\\/02\\\/podhume_01.jpg\",\"datePublished\":\"2020-12-09T13:43:47+00:00\",\"dateModified\":\"2021-04-30T16:44:53+00:00\",\"inLanguage\":\"it-IT\",\"potentialAction\":[{\"@type\":\"ReadAction\",\"target\":[\"https:\\\/\\\/www.opcinamilna.hr\\\/podhume\\\/\"]}]},{\"@type\":\"ImageObject\",\"inLanguage\":\"it-IT\",\"@id\":\"https:\\\/\\\/www.opcinamilna.hr\\\/podhume\\\/#primaryimage\",\"url\":\"https:\\\/\\\/www.opcinamilna.hr\\\/wp-content\\\/uploads\\\/2021\\\/02\\\/podhume_01.jpg\",\"contentUrl\":\"https:\\\/\\\/www.opcinamilna.hr\\\/wp-content\\\/uploads\\\/2021\\\/02\\\/podhume_01.jpg\"},{\"@type\":\"WebSite\",\"@id\":\"https:\\\/\\\/www.opcinamilna.hr\\\/#website\",\"url\":\"https:\\\/\\\/www.opcinamilna.hr\\\/\",\"name\":\"Otkrijte Milnu na otoku Bra\u010du\",\"description\":\"Tu ste uvijek dobrodo\u0161li.\",\"publisher\":{\"@id\":\"https:\\\/\\\/www.opcinamilna.hr\\\/#organization\"},\"potentialAction\":[{\"@type\":\"SearchAction\",\"target\":{\"@type\":\"EntryPoint\",\"urlTemplate\":\"https:\\\/\\\/www.opcinamilna.hr\\\/?s={search_term_string}\"},\"query-input\":{\"@type\":\"PropertyValueSpecification\",\"valueRequired\":true,\"valueName\":\"search_term_string\"}}],\"inLanguage\":\"it-IT\"},{\"@type\":\"Organization\",\"@id\":\"https:\\\/\\\/www.opcinamilna.hr\\\/#organization\",\"name\":\"Op\u0107ina Milna\",\"url\":\"https:\\\/\\\/www.opcinamilna.hr\\\/\",\"logo\":{\"@type\":\"ImageObject\",\"inLanguage\":\"it-IT\",\"@id\":\"https:\\\/\\\/www.opcinamilna.hr\\\/#\\\/schema\\\/logo\\\/image\\\/\",\"url\":\"https:\\\/\\\/www.opcinamilna.hr\\\/wp-content\\\/uploads\\\/2021\\\/05\\\/milna-logo-footer-dark.png\",\"contentUrl\":\"https:\\\/\\\/www.opcinamilna.hr\\\/wp-content\\\/uploads\\\/2021\\\/05\\\/milna-logo-footer-dark.png\",\"width\":538,\"height\":465,\"caption\":\"Op\u0107ina Milna\"},\"image\":{\"@id\":\"https:\\\/\\\/www.opcinamilna.hr\\\/#\\\/schema\\\/logo\\\/image\\\/\"},\"sameAs\":[\"https:\\\/\\\/www.facebook.com\\\/Op\u0107ina-Milna-Put-razvoja-521314111668527\"]}]}<\/script>\n<!-- \/ Yoast SEO plugin. -->","yoast_head_json":{"title":"Podhume - Otkrijte Milnu na otoku Bra\u010du","robots":{"index":"index","follow":"follow","max-snippet":"max-snippet:-1","max-image-preview":"max-image-preview:large","max-video-preview":"max-video-preview:-1"},"canonical":"https:\/\/www.opcinamilna.hr\/it\/podhume\/","og_locale":"it_IT","og_type":"article","og_title":"Podhume - Otkrijte Milnu na otoku Bra\u010du","og_description":"Naslovna \/ Ne propustite otkriti \/ Podhume Nadomak Milne, u unutra\u0161njosti otoka, na sun\u010danoj strani brda Humi, nalaze se Pothume. Pothume danas, iako napu\u0161teno, svjedo\u010di o tradiciji autohtone oto\u010dne gradnje, gdje su ku\u0107e gra\u0111ene od dobro obra\u0111enog i kvalitetnog bra\u010dkog kamena, stopljene s prirodom, ne naru\u0161avaju\u0107i krajobraz (dio naselja o\u010duvan je do danas). U dvori\u0161tima [&hellip;]","og_url":"https:\/\/www.opcinamilna.hr\/it\/podhume\/","og_site_name":"Otkrijte Milnu na otoku Bra\u010du","article_publisher":"https:\/\/www.facebook.com\/Op%c4%87ina-Milna-Put-razvoja-521314111668527","article_modified_time":"2021-04-30T16:44:53+00:00","og_image":[{"url":"https:\/\/www.opcinamilna.hr\/wp-content\/uploads\/2021\/02\/podhume_01.jpg","type":"","width":"","height":""}],"twitter_card":"summary_large_image","twitter_misc":{"Tempo di lettura stimato":"1 minuto"},"schema":{"@context":"https:\/\/schema.org","@graph":[{"@type":"WebPage","@id":"https:\/\/www.opcinamilna.hr\/podhume\/","url":"https:\/\/www.opcinamilna.hr\/podhume\/","name":"Podhume - Otkrijte Milnu na otoku Bra\u010du","isPartOf":{"@id":"https:\/\/www.opcinamilna.hr\/#website"},"primaryImageOfPage":{"@id":"https:\/\/www.opcinamilna.hr\/podhume\/#primaryimage"},"image":{"@id":"https:\/\/www.opcinamilna.hr\/podhume\/#primaryimage"},"thumbnailUrl":"https:\/\/www.opcinamilna.hr\/wp-content\/uploads\/2021\/02\/podhume_01.jpg","datePublished":"2020-12-09T13:43:47+00:00","dateModified":"2021-04-30T16:44:53+00:00","inLanguage":"it-IT","potentialAction":[{"@type":"ReadAction","target":["https:\/\/www.opcinamilna.hr\/podhume\/"]}]},{"@type":"ImageObject","inLanguage":"it-IT","@id":"https:\/\/www.opcinamilna.hr\/podhume\/#primaryimage","url":"https:\/\/www.opcinamilna.hr\/wp-content\/uploads\/2021\/02\/podhume_01.jpg","contentUrl":"https:\/\/www.opcinamilna.hr\/wp-content\/uploads\/2021\/02\/podhume_01.jpg"},{"@type":"WebSite","@id":"https:\/\/www.opcinamilna.hr\/#website","url":"https:\/\/www.opcinamilna.hr\/","name":"Scopri Milna sull&#039;isola di Bra\u010d","description":"Qui siete sempre i benvenuti.","publisher":{"@id":"https:\/\/www.opcinamilna.hr\/#organization"},"potentialAction":[{"@type":"SearchAction","target":{"@type":"EntryPoint","urlTemplate":"https:\/\/www.opcinamilna.hr\/?s={search_term_string}"},"query-input":{"@type":"PropertyValueSpecification","valueRequired":true,"valueName":"search_term_string"}}],"inLanguage":"it-IT"},{"@type":"Organization","@id":"https:\/\/www.opcinamilna.hr\/#organization","name":"Comune di Milna","url":"https:\/\/www.opcinamilna.hr\/","logo":{"@type":"ImageObject","inLanguage":"it-IT","@id":"https:\/\/www.opcinamilna.hr\/#\/schema\/logo\/image\/","url":"https:\/\/www.opcinamilna.hr\/wp-content\/uploads\/2021\/05\/milna-logo-footer-dark.png","contentUrl":"https:\/\/www.opcinamilna.hr\/wp-content\/uploads\/2021\/05\/milna-logo-footer-dark.png","width":538,"height":465,"caption":"Op\u0107ina Milna"},"image":{"@id":"https:\/\/www.opcinamilna.hr\/#\/schema\/logo\/image\/"},"sameAs":["https:\/\/www.facebook.com\/Op\u0107ina-Milna-Put-razvoja-521314111668527"]}]}},"_links":{"self":[{"href":"https:\/\/www.opcinamilna.hr\/it\/wp-json\/wp\/v2\/pages\/6514","targetHints":{"allow":["GET"]}}],"collection":[{"href":"https:\/\/www.opcinamilna.hr\/it\/wp-json\/wp\/v2\/pages"}],"about":[{"href":"https:\/\/www.opcinamilna.hr\/it\/wp-json\/wp\/v2\/types\/page"}],"author":[{"embeddable":true,"href":"https:\/\/www.opcinamilna.hr\/it\/wp-json\/wp\/v2\/users\/1"}],"replies":[{"embeddable":true,"href":"https:\/\/www.opcinamilna.hr\/it\/wp-json\/wp\/v2\/comments?post=6514"}],"version-history":[{"count":0,"href":"https:\/\/www.opcinamilna.hr\/it\/wp-json\/wp\/v2\/pages\/6514\/revisions"}],"wp:attachment":[{"href":"https:\/\/www.opcinamilna.hr\/it\/wp-json\/wp\/v2\/media?parent=6514"}],"curies":[{"name":"wp","href":"https:\/\/api.w.org\/{rel}","templated":true}]}}