{"id":10214,"date":"2021-04-21T18:58:29","date_gmt":"2021-04-21T18:58:29","guid":{"rendered":"https:\/\/www.opcinamilna.hr\/?page_id=10214"},"modified":"2021-04-30T10:05:03","modified_gmt":"2021-04-30T10:05:03","slug":"kolacici","status":"publish","type":"page","link":"https:\/\/www.opcinamilna.hr\/it\/kolacici\/","title":{"rendered":"Biscotti"},"content":{"rendered":"\t\t<div data-elementor-type=\"wp-page\" data-elementor-id=\"10214\" class=\"elementor elementor-10214\" data-elementor-post-type=\"page\">\n\t\t\t\t\t\t<section class=\"elementor-section elementor-top-section elementor-element elementor-element-f71991b elementor-section-height-min-height elementor-section-boxed elementor-section-height-default elementor-section-items-middle\" data-id=\"f71991b\" data-element_type=\"section\" data-e-type=\"section\" data-settings=\"{&quot;background_background&quot;:&quot;classic&quot;}\">\n\t\t\t\t\t\t\t<div class=\"elementor-background-overlay\"><\/div>\n\t\t\t\t\t\t\t<div class=\"elementor-container elementor-column-gap-default\">\n\t\t\t\t\t<div class=\"elementor-column elementor-col-50 elementor-top-column elementor-element elementor-element-3720e42\" data-id=\"3720e42\" data-element_type=\"column\" data-e-type=\"column\">\n\t\t\t<div class=\"elementor-widget-wrap elementor-element-populated\">\n\t\t\t\t\t\t<div class=\"elementor-element elementor-element-1ea6007 elementor-widget elementor-widget-shortcode\" data-id=\"1ea6007\" data-element_type=\"widget\" data-e-type=\"widget\" data-widget_type=\"shortcode.default\">\n\t\t\t\t<div class=\"elementor-widget-container\">\n\t\t\t\t\t\t\t<div class=\"elementor-shortcode\">[breadcrumb]<\/div>\n\t\t\t\t\t\t<\/div>\n\t\t\t\t<\/div>\n\t\t\t\t<div class=\"elementor-element elementor-element-b68792e elementor-widget elementor-widget-theme-post-title elementor-page-title elementor-widget-heading\" data-id=\"b68792e\" data-element_type=\"widget\" data-e-type=\"widget\" data-widget_type=\"theme-post-title.default\">\n\t\t\t\t<div class=\"elementor-widget-container\">\n\t\t\t\t\t<h1 class=\"elementor-heading-title elementor-size-default\">Kola\u010di\u0107i<\/h1>\t\t\t\t<\/div>\n\t\t\t\t<\/div>\n\t\t\t\t\t<\/div>\n\t\t<\/div>\n\t\t\t\t<div class=\"elementor-column elementor-col-50 elementor-top-column elementor-element elementor-element-09aa0d1\" data-id=\"09aa0d1\" data-element_type=\"column\" data-e-type=\"column\">\n\t\t\t<div class=\"elementor-widget-wrap\">\n\t\t\t\t\t\t\t<\/div>\n\t\t<\/div>\n\t\t\t\t\t<\/div>\n\t\t<\/section>\n\t\t\t\t<section class=\"elementor-section elementor-top-section elementor-element elementor-element-b00e62e elementor-section-boxed elementor-section-height-default elementor-section-height-default\" data-id=\"b00e62e\" data-element_type=\"section\" data-e-type=\"section\">\n\t\t\t\t\t\t<div class=\"elementor-container elementor-column-gap-default\">\n\t\t\t\t\t<div class=\"elementor-column elementor-col-100 elementor-top-column elementor-element elementor-element-42d6a6e\" data-id=\"42d6a6e\" data-element_type=\"column\" data-e-type=\"column\">\n\t\t\t<div class=\"elementor-widget-wrap elementor-element-populated\">\n\t\t\t\t\t\t<section class=\"elementor-section elementor-inner-section elementor-element elementor-element-752fcf0 elementor-section-boxed elementor-section-height-default elementor-section-height-default\" data-id=\"752fcf0\" data-element_type=\"section\" data-e-type=\"section\">\n\t\t\t\t\t\t<div class=\"elementor-container elementor-column-gap-default\">\n\t\t\t\t\t<div class=\"elementor-column elementor-col-100 elementor-inner-column elementor-element elementor-element-2a70063\" data-id=\"2a70063\" data-element_type=\"column\" data-e-type=\"column\">\n\t\t\t<div class=\"elementor-widget-wrap elementor-element-populated\">\n\t\t\t\t\t\t<div class=\"elementor-element elementor-element-e3c8eef elementor-widget elementor-widget-spacer\" data-id=\"e3c8eef\" data-element_type=\"widget\" data-e-type=\"widget\" data-widget_type=\"spacer.default\">\n\t\t\t\t<div class=\"elementor-widget-container\">\n\t\t\t\t\t\t\t<div class=\"elementor-spacer\">\n\t\t\t<div class=\"elementor-spacer-inner\"><\/div>\n\t\t<\/div>\n\t\t\t\t\t\t<\/div>\n\t\t\t\t<\/div>\n\t\t\t\t<div class=\"elementor-element elementor-element-298a8c6 elementor-widget elementor-widget-text-editor\" data-id=\"298a8c6\" data-element_type=\"widget\" data-e-type=\"widget\" data-widget_type=\"text-editor.default\">\n\t\t\t\t<div class=\"elementor-widget-container\">\n\t\t\t\t\t\t\t\t\t<p style=\"margin-bottom: 10px; text-align: justify; color: #414141;\">Kola\u010di\u0107i su vrlo male tekstualne datoteke koje web stranica pohranjuje na va\u0161e ra\u010dunalo kad ju posjetite a koji se koriste kako bi se pobolj\u0161alo va\u0161e iskustvo tijekom posjeta web stranici. Kad pristupite ovoj web stranici, ona u web preglednik kojeg koristite pohranjuje informacije o va\u0161oj posjeti te tako stvara zapis prethodnih posjeta koji daje povratne informacije web stranici svaki put kad ju ponovno posjetite. Web stranica pomo\u0107u kola\u010di\u0107a pamti va\u0161e radnje i \u017eeljene postavke tijekom duljeg razdoblja (poput prijave, jezika, veli\u010dine fonta i drugih \u017eeljenih postavki koje se odnose na prikaz stranice) pa ih nije potrebno ponovno unositi pri svakom povratku na web stranicu odnosno pri pregledavanju njenih pod-stranica.<\/p><p style=\"margin-bottom: 10px; text-align: justify; color: #414141;\">Kola\u010di\u0107i ne mogu pokretati programe ili prenositi viruse. Vi\u0161e informacija o kola\u010di\u0107ima potra\u017eite na\u00a0<a style=\"color: #4e739f;\" href=\"http:\/\/aboutcookies.org\/\"><u>aboutcookies.org<\/u><\/a><\/p><p style=\"margin-bottom: 10px; text-align: justify; color: #414141;\">Ova web stranica koristi sljede\u0107e kola\u010di\u0107e:<\/p><h3 style=\"margin-bottom: 10px; text-align: justify; color: #414141;\">Kola\u010di\u0107i prve strane \/ neophodni kola\u010di\u0107i sustava<\/h3><p style=\"margin-bottom: 10px; text-align: justify; color: #414141;\">&#8211; Kola\u010di\u0107i za sesije &#8211; Sesija na web stranici prati korisnika tijekom boravka na stranici, bilje\u017ei koje stranice pregledava i \u0161to radi neovisno o tome da li je korisnik prijavljen na stranicu ili ne. Kad korisnik nije prijavljen kao registrirani korisnik, sesije su anonimne i bilje\u017ee se samo kao anonimni identifikacijski (ID) broj korisnika.\u00a0<\/p><p style=\"margin-bottom: 10px; text-align: justify; color: #414141;\">Kad korisnik napusti web stranice i zatvori web preglednik ili je neaktivan tijekom unaprijed definiranog vremenskog perioda (60 minuta na ovim web stranicama), privremeno pohranjena sesija u potpunosti se bri\u0161e i nigdje nije zapisana.<\/p><h3 style=\"margin-bottom: 10px; text-align: justify; color: #414141;\">Kola\u010di\u0107i tre\u0107ih strana<\/h3><p style=\"margin-bottom: 10px; text-align: justify; color: #414141;\">&#8211; YouTube &#8211; YoutTube video koji je objavljen u pojedinim sadr\u017eajima ovih web stranica sadr\u017ei kola\u010di\u0107e puitem kojih YouTube prati uporabu svojih usluga. YouTube kola\u010di\u0107i instaliraju se samo kada korisnik pokrene reprodukciju videa.<\/p><table style=\"max-width: 100%; border-spacing: 0px; color: #414141;\"><tbody><tr><td><b>Naziv kola\u010di\u0107a<\/b><\/td><td><b>Trajanje<\/b><\/td><td><b>Svrha<\/b><\/td><\/tr><tr><td>PREF<\/td><td>10 godina<\/td><td>pohranjuje va\u0161e postavke, \u017eeljeni jezik, koliko rezultata pretra\u017eivanja \u017eelite prikazati na svojoj stranici i \u017eelite li uklju\u010diti Googleov filtar za sigurno pretra\u017eivanje<\/td><\/tr><tr><td>VISITOR_INFO1_LIVE<\/td><td>8 mjeseci<\/td><td>mjeri va\u0161u pojasnu \u0161irinu kako bi utvrdio da li se koristi novo ili staro su\u010delje<\/td><\/tr><tr><td>YSC<\/td><td>sesija<\/td><td>evidentira umetnuti video<\/td><\/tr><tr><td>use_hitbox<\/td><td>sesija<\/td><td>pove\u0107ava broja\u010d prikaza videa na YouTube videozapisu<\/td><\/tr><\/tbody><\/table><p style=\"margin-bottom: 10px; text-align: justify; color: #414141;\">Autori kola\u010di\u0107a tre\u0107ih strana su te tre\u0107e strane, u ovom slu\u010daju Google i YouTube. Vi\u0161e informacija o vrsti i na\u010dinu prikupljanja te kori\u0161tenja va\u0161ih podataka od strane Googla pro\u010ditajte na\u00a0<a style=\"color: #4e739f;\" href=\"https:\/\/privacy.google.com\/intl\/hr\/your-data.html\"><u>https:\/\/privacy.google.com\/intl\/hr\/your-data.html<\/u><\/a>, a pogledajte i njihov\u00a0<a style=\"color: #4e739f;\" title=\"Pro\u010ditaj\" href=\"https:\/\/policies.google.com\/technologies\/product-privacy?hl=hr-HR\" rel=\"noopener noreferrer\">Priru\u010dnik za privatnost na Googleovim proizvodima<\/a>\u00a0za informacije o privatnosti za sve Google proizvode \/ aplikacije.<\/p><p style=\"margin-bottom: 10px; text-align: justify; color: #414141;\">Ova web stranica ne dijeli va\u0161e osobne informacije s autorima kola\u010di\u0107a tre\u0107ih strana niti direktno koristi kola\u010di\u0107e tre\u0107ih strana.<\/p><h4 style=\"margin-bottom: 10px; text-align: justify; color: #414141;\">\u00a0<\/h4><h3>Brisanje i pode\u0161avanje kola\u010di\u0107a<\/h3><h4 style=\"margin-bottom: 10px; text-align: justify; color: #414141;\"><b>Web preglednik<\/b><\/h4><p style=\"margin-bottom: 10px; text-align: justify; color: #414141;\">Korisnik web stranice mo\u017ee kontrolirati i\/ili izbrisati kola\u010di\u0107e na svom osobnom ra\u010dunalu. Korisnik mo\u017ee izbrisati sve kola\u010di\u0107e koji su ranije pohranjeni na ra\u010dunalu a postavke ve\u0107ine web preglednika omogu\u0107avaju i blokiranje kola\u010di\u0107a. Ako korisnik blokira kola\u010di\u0107e, neki dijelovi ovih web stranica mo\u017eda ne\u0107e funkcionirati u cjelosti ili ne\u0107e funkcionirati uop\u0107e ili odre\u0111ene usluge i funkcije ne\u0107e biti dostupne. Vi\u0161e informacija o kola\u010di\u0107ima potra\u017eite na\u00a0<a style=\"color: #dc143c; text-decoration-line: underline; outline: 0px; outline-offset: -2px;\" href=\"https:\/\/www.aboutcookies.org\/\"><u>aboutcookies.org<\/u><\/a>.<\/p><h4 style=\"margin-bottom: 10px; text-align: justify; color: #414141;\"><b>Google<\/b><\/h4><p style=\"margin-bottom: 10px; text-align: justify; color: #414141;\">Ve\u0107ina kola\u010di\u0107a tre\u0107ih strana koje koristi ova web stranica dio su Google aplikacija i proizvoda integriranih na stranice. Ako korisnik nema Google korisni\u010dki ra\u010dun, Google sve podatke o korisniku sprema putem jedinstvenih identifikatora povezanih s web preglednikom, aplikacijom ili ure\u0111ajem kojeg korisnik upotrebljava. Ako korisnik ima svoj Google korisni\u010dki ra\u010dun i prijavljen je u njega, podaci se pohranjuju u korisni\u010dki ra\u010dun i tretiraju kao osobni podaci.<\/p><p style=\"margin-bottom: 10px; text-align: justify; color: #414141;\">Kola\u010di\u0107i tre\u0107ih strana obi\u010dno istje\u010du nakon 1-2 godine, trajanje utvr\u0111uje tre\u0107a strana koja je autor aplikacija koje koriste te kola\u010di\u0107e.<\/p><p style=\"margin-bottom: 10px; text-align: justify;\"><span style=\"color: #414141;\">Vi\u0161e informacija o Google pravilima o privatnosti te prikupljanju, kori\u0161tenju i upravljanju osobnim podacima mo\u017eete prona\u0107i na Google stranici\u00a0<\/span><u style=\"font-family: var( --e-global-typography-text-font-family ), Sans-serif; font-weight: var( --e-global-typography-text-font-weight );\"><a style=\"color: #4e739f;\" href=\"https:\/\/policies.google.com\/privacy\/update?hl=hr\">https:\/\/policies.google.com\/privacy\/update?hl=hr<\/a><span style=\"color: #4e739f;\">.<\/span><\/u><\/p><p style=\"margin-bottom: 10px; text-align: justify;\"><span style=\"font-family: var( --e-global-typography-text-font-family ), Sans-serif; font-weight: var( --e-global-typography-text-font-weight ); color: #414141;\">Tako\u0111er mo\u017eete provjeriti va\u0161e kontrole privatnosti i podesiti ih na\u00a0<\/span><a style=\"font-family: var( --e-global-typography-text-font-family ), Sans-serif; font-weight: var( --e-global-typography-text-font-weight ); color: #4e739f;\" href=\"https:\/\/myaccount.google.com\/privacycheckup?utm_source=pp&amp;hl=hr\"><u>https:\/\/myaccount.google.com\/privacycheckup?utm_source=pp&amp;hl=hr<\/u><\/a><span style=\"font-family: var( --e-global-typography-text-font-family ), Sans-serif; font-weight: var( --e-global-typography-text-font-weight ); color: #414141;\">.<\/span><\/p><h4>\u00a0<\/h4><h3>Prihva\u0107anje kola\u010di\u0107a na web stranici<\/h3><p style=\"margin-bottom: 10px; color: #000;\">Kad korisnik do\u0111e na ove web stranice prikazuje mu se obavijest o kola\u010di\u0107ima i kola\u010di\u0107i su isklju\u010deni. Nakon \u0161to korisnik zatvori obavijest, \u0161to se smatra prihva\u0107anjem kola\u010di\u0107a, uvjeta kori\u0161tenja stranica i uvjeta za\u0161tite osobnih podataka, kola\u010di\u0107i se uklju\u010duju i stranica funkcionira bez prikazivanja obavijesti. Potvrda prihva\u0107anja svih uvjeta i kola\u010di\u0107a traje 30 dana kad se obavijest obnavlja.<\/p>\t\t\t\t\t\t\t\t<\/div>\n\t\t\t\t<\/div>\n\t\t\t\t<div class=\"elementor-element elementor-element-495b82b elementor-widget-divider--view-line elementor-widget elementor-widget-divider\" data-id=\"495b82b\" data-element_type=\"widget\" data-e-type=\"widget\" data-widget_type=\"divider.default\">\n\t\t\t\t<div class=\"elementor-widget-container\">\n\t\t\t\t\t\t\t<div class=\"elementor-divider\">\n\t\t\t<span class=\"elementor-divider-separator\">\n\t\t\t\t\t\t<\/span>\n\t\t<\/div>\n\t\t\t\t\t\t<\/div>\n\t\t\t\t<\/div>\n\t\t\t\t\t<\/div>\n\t\t<\/div>\n\t\t\t\t\t<\/div>\n\t\t<\/section>\n\t\t\t\t\t<\/div>\n\t\t<\/div>\n\t\t\t\t\t<\/div>\n\t\t<\/section>\n\t\t\t\t<section class=\"elementor-section elementor-top-section elementor-element elementor-element-8be154d elementor-section-boxed elementor-section-height-default elementor-section-height-default\" data-id=\"8be154d\" data-element_type=\"section\" data-e-type=\"section\">\n\t\t\t\t\t\t<div class=\"elementor-container elementor-column-gap-default\">\n\t\t\t\t\t<div class=\"elementor-column elementor-col-100 elementor-top-column elementor-element elementor-element-896801d\" data-id=\"896801d\" data-element_type=\"column\" data-e-type=\"column\">\n\t\t\t<div class=\"elementor-widget-wrap elementor-element-populated\">\n\t\t\t\t\t\t<div class=\"elementor-element elementor-element-cd9d899 elementor-widget elementor-widget-spacer\" data-id=\"cd9d899\" data-element_type=\"widget\" data-e-type=\"widget\" data-widget_type=\"spacer.default\">\n\t\t\t\t<div class=\"elementor-widget-container\">\n\t\t\t\t\t\t\t<div class=\"elementor-spacer\">\n\t\t\t<div class=\"elementor-spacer-inner\"><\/div>\n\t\t<\/div>\n\t\t\t\t\t\t<\/div>\n\t\t\t\t<\/div>\n\t\t\t\t\t<\/div>\n\t\t<\/div>\n\t\t\t\t\t<\/div>\n\t\t<\/section>\n\t\t\t\t<\/div>\n\t\t","protected":false},"excerpt":{"rendered":"<p>[breadcrumb] Kola\u010di\u0107i su vrlo male tekstualne datoteke koje web stranica pohranjuje na va\u0161e ra\u010dunalo kad ju posjetite a koji se koriste kako bi se pobolj\u0161alo va\u0161e iskustvo tijekom posjeta web stranici. Kad pristupite ovoj web stranici, ona u web preglednik kojeg koristite pohranjuje informacije o va\u0161oj posjeti te tako stvara zapis prethodnih posjeta koji daje [&hellip;]<\/p>\n","protected":false},"author":1,"featured_media":0,"parent":0,"menu_order":0,"comment_status":"closed","ping_status":"closed","template":"page.php","meta":{"inline_featured_image":false,"footnotes":""},"class_list":["post-10214","page","type-page","status-publish","hentry"],"yoast_head":"<!-- This site is optimized with the Yoast SEO plugin v27.6 - https:\/\/yoast.com\/product\/yoast-seo-wordpress\/ -->\n<title>Kola\u010di\u0107i - Otkrijte Milnu na otoku Bra\u010du<\/title>\n<meta name=\"robots\" content=\"index, follow, max-snippet:-1, max-image-preview:large, max-video-preview:-1\" \/>\n<link rel=\"canonical\" href=\"https:\/\/www.opcinamilna.hr\/it\/kolacici\/\" \/>\n<meta property=\"og:locale\" content=\"it_IT\" \/>\n<meta property=\"og:type\" content=\"article\" \/>\n<meta property=\"og:title\" content=\"Kola\u010di\u0107i - Otkrijte Milnu na otoku Bra\u010du\" \/>\n<meta property=\"og:description\" content=\"[breadcrumb] Kola\u010di\u0107i su vrlo male tekstualne datoteke koje web stranica pohranjuje na va\u0161e ra\u010dunalo kad ju posjetite a koji se koriste kako bi se pobolj\u0161alo va\u0161e iskustvo tijekom posjeta web stranici. Kad pristupite ovoj web stranici, ona u web preglednik kojeg koristite pohranjuje informacije o va\u0161oj posjeti te tako stvara zapis prethodnih posjeta koji daje [&hellip;]\" \/>\n<meta property=\"og:url\" content=\"https:\/\/www.opcinamilna.hr\/it\/kolacici\/\" \/>\n<meta property=\"og:site_name\" content=\"Otkrijte Milnu na otoku Bra\u010du\" \/>\n<meta property=\"article:publisher\" content=\"https:\/\/www.facebook.com\/Op%c4%87ina-Milna-Put-razvoja-521314111668527\" \/>\n<meta property=\"article:modified_time\" content=\"2021-04-30T10:05:03+00:00\" \/>\n<meta name=\"twitter:card\" content=\"summary_large_image\" \/>\n<meta name=\"twitter:label1\" content=\"Tempo di lettura stimato\" \/>\n\t<meta name=\"twitter:data1\" content=\"4 minuti\" \/>\n<script type=\"application\/ld+json\" class=\"yoast-schema-graph\">{\"@context\":\"https:\\\/\\\/schema.org\",\"@graph\":[{\"@type\":\"WebPage\",\"@id\":\"https:\\\/\\\/www.opcinamilna.hr\\\/kolacici\\\/\",\"url\":\"https:\\\/\\\/www.opcinamilna.hr\\\/kolacici\\\/\",\"name\":\"Kola\u010di\u0107i - Otkrijte Milnu na otoku Bra\u010du\",\"isPartOf\":{\"@id\":\"https:\\\/\\\/www.opcinamilna.hr\\\/#website\"},\"datePublished\":\"2021-04-21T18:58:29+00:00\",\"dateModified\":\"2021-04-30T10:05:03+00:00\",\"inLanguage\":\"it-IT\",\"potentialAction\":[{\"@type\":\"ReadAction\",\"target\":[\"https:\\\/\\\/www.opcinamilna.hr\\\/kolacici\\\/\"]}]},{\"@type\":\"WebSite\",\"@id\":\"https:\\\/\\\/www.opcinamilna.hr\\\/#website\",\"url\":\"https:\\\/\\\/www.opcinamilna.hr\\\/\",\"name\":\"Otkrijte Milnu na otoku Bra\u010du\",\"description\":\"Tu ste uvijek dobrodo\u0161li.\",\"publisher\":{\"@id\":\"https:\\\/\\\/www.opcinamilna.hr\\\/#organization\"},\"potentialAction\":[{\"@type\":\"SearchAction\",\"target\":{\"@type\":\"EntryPoint\",\"urlTemplate\":\"https:\\\/\\\/www.opcinamilna.hr\\\/?s={search_term_string}\"},\"query-input\":{\"@type\":\"PropertyValueSpecification\",\"valueRequired\":true,\"valueName\":\"search_term_string\"}}],\"inLanguage\":\"it-IT\"},{\"@type\":\"Organization\",\"@id\":\"https:\\\/\\\/www.opcinamilna.hr\\\/#organization\",\"name\":\"Op\u0107ina Milna\",\"url\":\"https:\\\/\\\/www.opcinamilna.hr\\\/\",\"logo\":{\"@type\":\"ImageObject\",\"inLanguage\":\"it-IT\",\"@id\":\"https:\\\/\\\/www.opcinamilna.hr\\\/#\\\/schema\\\/logo\\\/image\\\/\",\"url\":\"https:\\\/\\\/www.opcinamilna.hr\\\/wp-content\\\/uploads\\\/2021\\\/05\\\/milna-logo-footer-dark.png\",\"contentUrl\":\"https:\\\/\\\/www.opcinamilna.hr\\\/wp-content\\\/uploads\\\/2021\\\/05\\\/milna-logo-footer-dark.png\",\"width\":538,\"height\":465,\"caption\":\"Op\u0107ina Milna\"},\"image\":{\"@id\":\"https:\\\/\\\/www.opcinamilna.hr\\\/#\\\/schema\\\/logo\\\/image\\\/\"},\"sameAs\":[\"https:\\\/\\\/www.facebook.com\\\/Op\u0107ina-Milna-Put-razvoja-521314111668527\"]}]}<\/script>\n<!-- \/ Yoast SEO plugin. -->","yoast_head_json":{"title":"Kola\u010di\u0107i - Otkrijte Milnu na otoku Bra\u010du","robots":{"index":"index","follow":"follow","max-snippet":"max-snippet:-1","max-image-preview":"max-image-preview:large","max-video-preview":"max-video-preview:-1"},"canonical":"https:\/\/www.opcinamilna.hr\/it\/kolacici\/","og_locale":"it_IT","og_type":"article","og_title":"Kola\u010di\u0107i - Otkrijte Milnu na otoku Bra\u010du","og_description":"[breadcrumb] Kola\u010di\u0107i su vrlo male tekstualne datoteke koje web stranica pohranjuje na va\u0161e ra\u010dunalo kad ju posjetite a koji se koriste kako bi se pobolj\u0161alo va\u0161e iskustvo tijekom posjeta web stranici. Kad pristupite ovoj web stranici, ona u web preglednik kojeg koristite pohranjuje informacije o va\u0161oj posjeti te tako stvara zapis prethodnih posjeta koji daje [&hellip;]","og_url":"https:\/\/www.opcinamilna.hr\/it\/kolacici\/","og_site_name":"Otkrijte Milnu na otoku Bra\u010du","article_publisher":"https:\/\/www.facebook.com\/Op%c4%87ina-Milna-Put-razvoja-521314111668527","article_modified_time":"2021-04-30T10:05:03+00:00","twitter_card":"summary_large_image","twitter_misc":{"Tempo di lettura stimato":"4 minuti"},"schema":{"@context":"https:\/\/schema.org","@graph":[{"@type":"WebPage","@id":"https:\/\/www.opcinamilna.hr\/kolacici\/","url":"https:\/\/www.opcinamilna.hr\/kolacici\/","name":"Kola\u010di\u0107i - Otkrijte Milnu na otoku Bra\u010du","isPartOf":{"@id":"https:\/\/www.opcinamilna.hr\/#website"},"datePublished":"2021-04-21T18:58:29+00:00","dateModified":"2021-04-30T10:05:03+00:00","inLanguage":"it-IT","potentialAction":[{"@type":"ReadAction","target":["https:\/\/www.opcinamilna.hr\/kolacici\/"]}]},{"@type":"WebSite","@id":"https:\/\/www.opcinamilna.hr\/#website","url":"https:\/\/www.opcinamilna.hr\/","name":"Scopri Milna sull&#039;isola di Bra\u010d","description":"Qui siete sempre i benvenuti.","publisher":{"@id":"https:\/\/www.opcinamilna.hr\/#organization"},"potentialAction":[{"@type":"SearchAction","target":{"@type":"EntryPoint","urlTemplate":"https:\/\/www.opcinamilna.hr\/?s={search_term_string}"},"query-input":{"@type":"PropertyValueSpecification","valueRequired":true,"valueName":"search_term_string"}}],"inLanguage":"it-IT"},{"@type":"Organization","@id":"https:\/\/www.opcinamilna.hr\/#organization","name":"Comune di Milna","url":"https:\/\/www.opcinamilna.hr\/","logo":{"@type":"ImageObject","inLanguage":"it-IT","@id":"https:\/\/www.opcinamilna.hr\/#\/schema\/logo\/image\/","url":"https:\/\/www.opcinamilna.hr\/wp-content\/uploads\/2021\/05\/milna-logo-footer-dark.png","contentUrl":"https:\/\/www.opcinamilna.hr\/wp-content\/uploads\/2021\/05\/milna-logo-footer-dark.png","width":538,"height":465,"caption":"Op\u0107ina Milna"},"image":{"@id":"https:\/\/www.opcinamilna.hr\/#\/schema\/logo\/image\/"},"sameAs":["https:\/\/www.facebook.com\/Op\u0107ina-Milna-Put-razvoja-521314111668527"]}]}},"_links":{"self":[{"href":"https:\/\/www.opcinamilna.hr\/it\/wp-json\/wp\/v2\/pages\/10214","targetHints":{"allow":["GET"]}}],"collection":[{"href":"https:\/\/www.opcinamilna.hr\/it\/wp-json\/wp\/v2\/pages"}],"about":[{"href":"https:\/\/www.opcinamilna.hr\/it\/wp-json\/wp\/v2\/types\/page"}],"author":[{"embeddable":true,"href":"https:\/\/www.opcinamilna.hr\/it\/wp-json\/wp\/v2\/users\/1"}],"replies":[{"embeddable":true,"href":"https:\/\/www.opcinamilna.hr\/it\/wp-json\/wp\/v2\/comments?post=10214"}],"version-history":[{"count":0,"href":"https:\/\/www.opcinamilna.hr\/it\/wp-json\/wp\/v2\/pages\/10214\/revisions"}],"wp:attachment":[{"href":"https:\/\/www.opcinamilna.hr\/it\/wp-json\/wp\/v2\/media?parent=10214"}],"curies":[{"name":"wp","href":"https:\/\/api.w.org\/{rel}","templated":true}]}}