{"id":13860,"date":"2023-09-24T17:51:16","date_gmt":"2023-09-24T15:51:16","guid":{"rendered":"https:\/\/www.opcinamilna.hr\/?page_id=13860"},"modified":"2026-04-21T08:37:14","modified_gmt":"2026-04-21T06:37:14","slug":"predstavke-i-prituzbe-na-rad-upravnih-tijela","status":"publish","type":"page","link":"https:\/\/www.opcinamilna.hr\/de\/predstavke-i-prituzbe-na-rad-upravnih-tijela\/","title":{"rendered":"Eingaben und Beschwerden \u00fcber die Arbeit von Verwaltungsbeh\u00f6rden"},"content":{"rendered":"<div data-elementor-type=\"wp-page\" data-elementor-id=\"13860\" class=\"elementor elementor-13860\" data-elementor-post-type=\"page\">\n\t\t\t\t<div class=\"elementor-element elementor-element-a56a425 e-flex e-con-boxed e-con e-parent\" data-id=\"a56a425\" data-element_type=\"container\" data-e-type=\"container\" data-settings=\"{&quot;background_background&quot;:&quot;classic&quot;}\">\n\t\t\t\t\t<div class=\"e-con-inner\">\n\t\t<div class=\"elementor-element elementor-element-3421aed e-con-full e-flex e-con e-child\" data-id=\"3421aed\" data-element_type=\"container\" data-e-type=\"container\">\n\t\t\t\t<div class=\"elementor-element elementor-element-c7b7e87 elementor-align-left elementor-widget elementor-widget-breadcrumbs\" data-id=\"c7b7e87\" data-element_type=\"widget\" data-e-type=\"widget\" data-widget_type=\"breadcrumbs.default\">\n\t\t\t\t<div class=\"elementor-widget-container\">\n\t\t\t\t\t<nav id=\"breadcrumbs\"><\/nav>\t\t\t\t<\/div>\n\t\t\t\t<\/div>\n\t\t\t\t<\/div>\n\t\t<div class=\"elementor-element elementor-element-f7abde6 e-con-full elementor-hidden-mobile e-flex e-con e-child\" data-id=\"f7abde6\" data-element_type=\"container\" data-e-type=\"container\">\n\t\t\t\t<\/div>\n\t\t\t\t\t<\/div>\n\t\t\t\t<\/div>\n\t\t<div class=\"elementor-element elementor-element-d810462 e-flex e-con-boxed e-con e-parent\" data-id=\"d810462\" data-element_type=\"container\" data-e-type=\"container\">\n\t\t\t\t\t<div class=\"e-con-inner\">\n\t\t<div class=\"elementor-element elementor-element-6668035 e-con-full e-flex e-con e-child\" data-id=\"6668035\" data-element_type=\"container\" data-e-type=\"container\">\n\t\t\t\t<div class=\"elementor-element elementor-element-3d31bce elementor-widget elementor-widget-spacer\" data-id=\"3d31bce\" data-element_type=\"widget\" data-e-type=\"widget\" data-widget_type=\"spacer.default\">\n\t\t\t\t<div class=\"elementor-widget-container\">\n\t\t\t\t\t\t\t<div class=\"elementor-spacer\">\n\t\t\t<div class=\"elementor-spacer-inner\"><\/div>\n\t\t<\/div>\n\t\t\t\t\t\t<\/div>\n\t\t\t\t<\/div>\n\t\t\t\t<div class=\"elementor-element elementor-element-fa1e90b elementor-widget elementor-widget-text-editor\" data-id=\"fa1e90b\" data-element_type=\"widget\" data-e-type=\"widget\" data-widget_type=\"text-editor.default\">\n\t\t\t\t<div class=\"elementor-widget-container\">\n\t\t\t\t\t\t\t\t\t\n<p>Sukladno \u010dlanku 26. Zakona o lokalnoj i podru\u010dnoj (regionalnoj) samoupravi (\u201eNarodne novine\u201c broj 33\/01., 60\/01., 129\/05., 109\/07., 125\/08., 36\/09., 36\/09., 150\/11., 144\/12., 19\/13., 137\/15., 123\/17., 98\/19. i 144\/20.) tijela jedinica lokalne i podru\u010dne (regionalne) samouprave du\u017ena su omogu\u0107iti gra\u0111anima i pravnim osobama podno\u0161enje predstavki i pritu\u017ebi na svoj rad kao i na rad njihovih upravnih tijela, te na nepravilan odnos zaposlenih u tim tijelima kad im se obra\u0107aju radi ostvarivanja svojih prava i interesa ili izvr\u0161avanja svojih gra\u0111anskih du\u017enosti.<\/p>\n\n<p>Na podnijete predstavke i pritu\u017ebe na\u010delnik Op\u0107ine Milna, odnosno pro\u010delnik JUO Op\u0107ine Milna, \u00a0du\u017eni su gra\u0111anima i pravnim osobama dati odgovor u roku od 30 dana od dana podno\u0161enja predstavke, odnosno pritu\u017ebe.<\/p>\n\n<p>Navedena tijela du\u017ena su u slu\u017ebenim prostorijama na vidnom mjestu osigurati potrebna tehni\u010dka i druga sredstva za podno\u0161enje predstavki i pritu\u017ebi (knjiga za pritu\u017ebe i sl.) i omogu\u0107iti usmeno izjavljivanje predstavke i pritu\u017ebe.<\/p>\n\n<p>Predstavke i pritu\u017ebe na rad tijela Op\u0107ine Milna mogu se predati u pisanom obliku, usmeno na zapisnik u uredovno vrijeme, na adresi: Op\u0107ina Milna, \u00a0Sridnja kala 1, 21 405 Milna, a mogu se podnijeti i elektroni\u010dkim putem.<\/p>\n\n<p><strong>Adresa za dostavu pisanih predstavki i pritu\u017ebi je:<\/strong> Op\u0107ina Milna, Sridnja kala 1, 21 405 Milna<\/p>\n\n<p><strong>Elektroni\u010dka adresa za dostavu pisanih predstavki i pritu\u017ebi je:<\/strong>\u00a0<a href=\"mailto:procelnik@opcinamilna.hr\">procelnik@opcinamilna.hr<\/a><\/p>\n\t\t\t\t\t\t\t\t<\/div>\n\t\t\t\t<\/div>\n\t\t\t\t<div class=\"elementor-element elementor-element-3b3096f elementor-widget elementor-widget-spacer\" data-id=\"3b3096f\" data-element_type=\"widget\" data-e-type=\"widget\" data-widget_type=\"spacer.default\">\n\t\t\t\t<div class=\"elementor-widget-container\">\n\t\t\t\t\t\t\t<div class=\"elementor-spacer\">\n\t\t\t<div class=\"elementor-spacer-inner\"><\/div>\n\t\t<\/div>\n\t\t\t\t\t\t<\/div>\n\t\t\t\t<\/div>\n\t\t\t\t<\/div>\n\t\t\t\t\t<\/div>\n\t\t\t\t<\/div>\n\t\t\t\t<\/div>","protected":false},"excerpt":{"rendered":"<p>Sukladno \u010dlanku 26. Zakona o lokalnoj i podru\u010dnoj (regionalnoj) samoupravi (\u201eNarodne novine\u201c broj 33\/01., 60\/01., 129\/05., 109\/07., 125\/08., 36\/09., 36\/09., 150\/11., 144\/12., 19\/13., 137\/15., 123\/17., 98\/19. i 144\/20.) tijela jedinica lokalne i podru\u010dne (regionalne) samouprave du\u017ena su omogu\u0107iti gra\u0111anima i pravnim osobama podno\u0161enje predstavki i pritu\u017ebi na svoj rad kao i na rad njihovih upravnih [&hellip;]<\/p>\n","protected":false},"author":1,"featured_media":0,"parent":0,"menu_order":0,"comment_status":"closed","ping_status":"closed","template":"elementor_header_footer","meta":{"inline_featured_image":false,"footnotes":""},"class_list":["post-13860","page","type-page","status-publish","hentry"],"yoast_head":"<!-- This site is optimized with the Yoast SEO plugin v27.6 - https:\/\/yoast.com\/product\/yoast-seo-wordpress\/ -->\n<title>Predstavke i pritu\u017ebe na rad upravnih tijela - Otkrijte Milnu na otoku Bra\u010du<\/title>\n<meta name=\"robots\" content=\"index, follow, max-snippet:-1, max-image-preview:large, max-video-preview:-1\" \/>\n<link rel=\"canonical\" href=\"https:\/\/www.opcinamilna.hr\/de\/predstavke-i-prituzbe-na-rad-upravnih-tijela\/\" \/>\n<meta property=\"og:locale\" content=\"de_DE\" \/>\n<meta property=\"og:type\" content=\"article\" \/>\n<meta property=\"og:title\" content=\"Predstavke i pritu\u017ebe na rad upravnih tijela - Otkrijte Milnu na otoku Bra\u010du\" \/>\n<meta property=\"og:description\" content=\"Sukladno \u010dlanku 26. Zakona o lokalnoj i podru\u010dnoj (regionalnoj) samoupravi (\u201eNarodne novine\u201c broj 33\/01., 60\/01., 129\/05., 109\/07., 125\/08., 36\/09., 36\/09., 150\/11., 144\/12., 19\/13., 137\/15., 123\/17., 98\/19. i 144\/20.) tijela jedinica lokalne i podru\u010dne (regionalne) samouprave du\u017ena su omogu\u0107iti gra\u0111anima i pravnim osobama podno\u0161enje predstavki i pritu\u017ebi na svoj rad kao i na rad njihovih upravnih [&hellip;]\" \/>\n<meta property=\"og:url\" content=\"https:\/\/www.opcinamilna.hr\/de\/predstavke-i-prituzbe-na-rad-upravnih-tijela\/\" \/>\n<meta property=\"og:site_name\" content=\"Otkrijte Milnu na otoku Bra\u010du\" \/>\n<meta property=\"article:publisher\" content=\"https:\/\/www.facebook.com\/Op%c4%87ina-Milna-Put-razvoja-521314111668527\" \/>\n<meta property=\"article:modified_time\" content=\"2026-04-21T06:37:14+00:00\" \/>\n<meta name=\"twitter:card\" content=\"summary_large_image\" \/>\n<meta name=\"twitter:label1\" content=\"Gesch\u00e4tzte Lesezeit\" \/>\n\t<meta name=\"twitter:data1\" content=\"1\u00a0Minute\" \/>\n<script type=\"application\/ld+json\" class=\"yoast-schema-graph\">{\"@context\":\"https:\\\/\\\/schema.org\",\"@graph\":[{\"@type\":\"WebPage\",\"@id\":\"https:\\\/\\\/www.opcinamilna.hr\\\/predstavke-i-prituzbe-na-rad-upravnih-tijela\\\/\",\"url\":\"https:\\\/\\\/www.opcinamilna.hr\\\/predstavke-i-prituzbe-na-rad-upravnih-tijela\\\/\",\"name\":\"Predstavke i pritu\u017ebe na rad upravnih tijela - Otkrijte Milnu na otoku Bra\u010du\",\"isPartOf\":{\"@id\":\"https:\\\/\\\/www.opcinamilna.hr\\\/#website\"},\"datePublished\":\"2023-09-24T15:51:16+00:00\",\"dateModified\":\"2026-04-21T06:37:14+00:00\",\"inLanguage\":\"de\",\"potentialAction\":[{\"@type\":\"ReadAction\",\"target\":[\"https:\\\/\\\/www.opcinamilna.hr\\\/predstavke-i-prituzbe-na-rad-upravnih-tijela\\\/\"]}]},{\"@type\":\"WebSite\",\"@id\":\"https:\\\/\\\/www.opcinamilna.hr\\\/#website\",\"url\":\"https:\\\/\\\/www.opcinamilna.hr\\\/\",\"name\":\"Otkrijte Milnu na otoku Bra\u010du\",\"description\":\"Tu ste uvijek dobrodo\u0161li.\",\"publisher\":{\"@id\":\"https:\\\/\\\/www.opcinamilna.hr\\\/#organization\"},\"potentialAction\":[{\"@type\":\"SearchAction\",\"target\":{\"@type\":\"EntryPoint\",\"urlTemplate\":\"https:\\\/\\\/www.opcinamilna.hr\\\/?s={search_term_string}\"},\"query-input\":{\"@type\":\"PropertyValueSpecification\",\"valueRequired\":true,\"valueName\":\"search_term_string\"}}],\"inLanguage\":\"de\"},{\"@type\":\"Organization\",\"@id\":\"https:\\\/\\\/www.opcinamilna.hr\\\/#organization\",\"name\":\"Op\u0107ina Milna\",\"url\":\"https:\\\/\\\/www.opcinamilna.hr\\\/\",\"logo\":{\"@type\":\"ImageObject\",\"inLanguage\":\"de\",\"@id\":\"https:\\\/\\\/www.opcinamilna.hr\\\/#\\\/schema\\\/logo\\\/image\\\/\",\"url\":\"https:\\\/\\\/www.opcinamilna.hr\\\/wp-content\\\/uploads\\\/2021\\\/05\\\/milna-logo-footer-dark.png\",\"contentUrl\":\"https:\\\/\\\/www.opcinamilna.hr\\\/wp-content\\\/uploads\\\/2021\\\/05\\\/milna-logo-footer-dark.png\",\"width\":538,\"height\":465,\"caption\":\"Op\u0107ina Milna\"},\"image\":{\"@id\":\"https:\\\/\\\/www.opcinamilna.hr\\\/#\\\/schema\\\/logo\\\/image\\\/\"},\"sameAs\":[\"https:\\\/\\\/www.facebook.com\\\/Op\u0107ina-Milna-Put-razvoja-521314111668527\"]}]}<\/script>\n<!-- \/ Yoast SEO plugin. -->","yoast_head_json":{"title":"Predstavke i pritu\u017ebe na rad upravnih tijela - Otkrijte Milnu na otoku Bra\u010du","robots":{"index":"index","follow":"follow","max-snippet":"max-snippet:-1","max-image-preview":"max-image-preview:large","max-video-preview":"max-video-preview:-1"},"canonical":"https:\/\/www.opcinamilna.hr\/de\/predstavke-i-prituzbe-na-rad-upravnih-tijela\/","og_locale":"de_DE","og_type":"article","og_title":"Predstavke i pritu\u017ebe na rad upravnih tijela - Otkrijte Milnu na otoku Bra\u010du","og_description":"Sukladno \u010dlanku 26. Zakona o lokalnoj i podru\u010dnoj (regionalnoj) samoupravi (\u201eNarodne novine\u201c broj 33\/01., 60\/01., 129\/05., 109\/07., 125\/08., 36\/09., 36\/09., 150\/11., 144\/12., 19\/13., 137\/15., 123\/17., 98\/19. i 144\/20.) tijela jedinica lokalne i podru\u010dne (regionalne) samouprave du\u017ena su omogu\u0107iti gra\u0111anima i pravnim osobama podno\u0161enje predstavki i pritu\u017ebi na svoj rad kao i na rad njihovih upravnih [&hellip;]","og_url":"https:\/\/www.opcinamilna.hr\/de\/predstavke-i-prituzbe-na-rad-upravnih-tijela\/","og_site_name":"Otkrijte Milnu na otoku Bra\u010du","article_publisher":"https:\/\/www.facebook.com\/Op%c4%87ina-Milna-Put-razvoja-521314111668527","article_modified_time":"2026-04-21T06:37:14+00:00","twitter_card":"summary_large_image","twitter_misc":{"Gesch\u00e4tzte Lesezeit":"1\u00a0Minute"},"schema":{"@context":"https:\/\/schema.org","@graph":[{"@type":"WebPage","@id":"https:\/\/www.opcinamilna.hr\/predstavke-i-prituzbe-na-rad-upravnih-tijela\/","url":"https:\/\/www.opcinamilna.hr\/predstavke-i-prituzbe-na-rad-upravnih-tijela\/","name":"Predstavke i pritu\u017ebe na rad upravnih tijela - Otkrijte Milnu na otoku Bra\u010du","isPartOf":{"@id":"https:\/\/www.opcinamilna.hr\/#website"},"datePublished":"2023-09-24T15:51:16+00:00","dateModified":"2026-04-21T06:37:14+00:00","inLanguage":"de","potentialAction":[{"@type":"ReadAction","target":["https:\/\/www.opcinamilna.hr\/predstavke-i-prituzbe-na-rad-upravnih-tijela\/"]}]},{"@type":"WebSite","@id":"https:\/\/www.opcinamilna.hr\/#website","url":"https:\/\/www.opcinamilna.hr\/","name":"Otkrijte Milnu na otoku Bra\u010du","description":"Tu ste uvijek dobrodo\u0161li.","publisher":{"@id":"https:\/\/www.opcinamilna.hr\/#organization"},"potentialAction":[{"@type":"SearchAction","target":{"@type":"EntryPoint","urlTemplate":"https:\/\/www.opcinamilna.hr\/?s={search_term_string}"},"query-input":{"@type":"PropertyValueSpecification","valueRequired":true,"valueName":"search_term_string"}}],"inLanguage":"de"},{"@type":"Organization","@id":"https:\/\/www.opcinamilna.hr\/#organization","name":"Op\u0107ina Milna","url":"https:\/\/www.opcinamilna.hr\/","logo":{"@type":"ImageObject","inLanguage":"de","@id":"https:\/\/www.opcinamilna.hr\/#\/schema\/logo\/image\/","url":"https:\/\/www.opcinamilna.hr\/wp-content\/uploads\/2021\/05\/milna-logo-footer-dark.png","contentUrl":"https:\/\/www.opcinamilna.hr\/wp-content\/uploads\/2021\/05\/milna-logo-footer-dark.png","width":538,"height":465,"caption":"Op\u0107ina Milna"},"image":{"@id":"https:\/\/www.opcinamilna.hr\/#\/schema\/logo\/image\/"},"sameAs":["https:\/\/www.facebook.com\/Op\u0107ina-Milna-Put-razvoja-521314111668527"]}]}},"_links":{"self":[{"href":"https:\/\/www.opcinamilna.hr\/de\/wp-json\/wp\/v2\/pages\/13860","targetHints":{"allow":["GET"]}}],"collection":[{"href":"https:\/\/www.opcinamilna.hr\/de\/wp-json\/wp\/v2\/pages"}],"about":[{"href":"https:\/\/www.opcinamilna.hr\/de\/wp-json\/wp\/v2\/types\/page"}],"author":[{"embeddable":true,"href":"https:\/\/www.opcinamilna.hr\/de\/wp-json\/wp\/v2\/users\/1"}],"replies":[{"embeddable":true,"href":"https:\/\/www.opcinamilna.hr\/de\/wp-json\/wp\/v2\/comments?post=13860"}],"version-history":[{"count":0,"href":"https:\/\/www.opcinamilna.hr\/de\/wp-json\/wp\/v2\/pages\/13860\/revisions"}],"wp:attachment":[{"href":"https:\/\/www.opcinamilna.hr\/de\/wp-json\/wp\/v2\/media?parent=13860"}],"curies":[{"name":"wp","href":"https:\/\/api.w.org\/{rel}","templated":true}]}}