{"id":10208,"date":"2021-04-21T18:43:58","date_gmt":"2021-04-21T18:43:58","guid":{"rendered":"https:\/\/www.opcinamilna.hr\/?page_id=10208"},"modified":"2026-04-21T10:00:21","modified_gmt":"2026-04-21T08:00:21","slug":"opci-uvjeti-zastite-osobnih-podataka","status":"publish","type":"page","link":"https:\/\/www.opcinamilna.hr\/de\/opci-uvjeti-zastite-osobnih-podataka\/","title":{"rendered":"Allgemeine Gesch\u00e4ftsbedingungen zum Schutz personenbezogener Daten"},"content":{"rendered":"<div data-elementor-type=\"wp-page\" data-elementor-id=\"10208\" class=\"elementor elementor-10208\" data-elementor-post-type=\"page\">\n\t\t\t\t<div class=\"elementor-element elementor-element-46867ee e-flex e-con-boxed e-con e-parent\" data-id=\"46867ee\" data-element_type=\"container\" data-e-type=\"container\" data-settings=\"{&quot;background_background&quot;:&quot;classic&quot;}\">\n\t\t\t\t\t<div class=\"e-con-inner\">\n\t\t<div class=\"elementor-element elementor-element-cca20d1 e-con-full e-flex e-con e-child\" data-id=\"cca20d1\" data-element_type=\"container\" data-e-type=\"container\">\n\t\t\t\t<div class=\"elementor-element elementor-element-bdd9b6a elementor-align-left elementor-widget elementor-widget-breadcrumbs\" data-id=\"bdd9b6a\" data-element_type=\"widget\" data-e-type=\"widget\" data-widget_type=\"breadcrumbs.default\">\n\t\t\t\t<div class=\"elementor-widget-container\">\n\t\t\t\t\t<nav id=\"breadcrumbs\"><\/nav>\t\t\t\t<\/div>\n\t\t\t\t<\/div>\n\t\t\t\t<\/div>\n\t\t<div class=\"elementor-element elementor-element-f545971 e-con-full elementor-hidden-mobile e-flex e-con e-child\" data-id=\"f545971\" data-element_type=\"container\" data-e-type=\"container\">\n\t\t\t\t<\/div>\n\t\t\t\t\t<\/div>\n\t\t\t\t<\/div>\n\t\t<div class=\"elementor-element elementor-element-eb14a84 e-flex e-con-boxed e-con e-parent\" data-id=\"eb14a84\" data-element_type=\"container\" data-e-type=\"container\">\n\t\t\t\t\t<div class=\"e-con-inner\">\n\t\t<div class=\"elementor-element elementor-element-812a151 e-con-full e-flex e-con e-child\" data-id=\"812a151\" data-element_type=\"container\" data-e-type=\"container\">\n\t\t<div class=\"elementor-element elementor-element-be58e7c e-con-full e-flex e-con e-child\" data-id=\"be58e7c\" data-element_type=\"container\" data-e-type=\"container\">\n\t\t<div class=\"elementor-element elementor-element-3d4b49f e-con-full e-flex e-con e-child\" data-id=\"3d4b49f\" data-element_type=\"container\" data-e-type=\"container\">\n\t\t\t\t<div class=\"elementor-element elementor-element-3ba44b7 elementor-widget elementor-widget-spacer\" data-id=\"3ba44b7\" data-element_type=\"widget\" data-e-type=\"widget\" data-widget_type=\"spacer.default\">\n\t\t\t\t<div class=\"elementor-widget-container\">\n\t\t\t\t\t\t\t<div class=\"elementor-spacer\">\n\t\t\t<div class=\"elementor-spacer-inner\"><\/div>\n\t\t<\/div>\n\t\t\t\t\t\t<\/div>\n\t\t\t\t<\/div>\n\t\t\t\t<div class=\"elementor-element elementor-element-5617783 elementor-widget elementor-widget-text-editor\" data-id=\"5617783\" data-element_type=\"widget\" data-e-type=\"widget\" data-widget_type=\"text-editor.default\">\n\t\t\t\t<div class=\"elementor-widget-container\">\n\t\t\t\t\t\t\t\t\t<p>Op\u0107i uvjeti za\u0161tite osobnih podataka temelje se na odredbama Op\u0107e uredbe o za\u0161titi osobnih podataka EU 2016\/679 (General Data Protection Regulation &#8211; GDPR) i Zakona o provedbi Op\u0107e uredbe o za\u0161titi podataka (NN 42\/2018) te korisnicima ovih web stranica pru\u017eaju informacije o na\u010dinu prikupljanja, kori\u0161tenja, za\u0161tite, ispravaka i brisanja njihovih osobnih informacija. Poveznica za uvjete za\u0161tite osobnih podataka dostupna je na naslovnici i svakoj pod-stranici ovih web stranica.<\/p><h3><strong><b><br \/>Osobni podaci korisnika<\/b><\/strong><\/h3><p>U ovim uvjetima za\u0161tite osobnih podataka pojam \u2018osobni podatak\u2019 podrazumijeva svaki podatak temeljem kojeg se korisnik mo\u017ee identificirati: ime i prezime, datum ro\u0111enja, e-mail adresa, po\u0161tanska adresa, telefonski broj, IP adresa i sl. podaci.<\/p><p>Za pristup sadr\u017eajima ovih web stranica nije potrebna registracija korisnika niti se korisnik za pristup sadr\u017eajima treba prijavljivati na web stranicu. Ove web stranice mogu se stoga koristiti bez otkrivanja identiteta korisnika.<\/p><h3><strong><b><br \/>Kola\u010di\u0107i na web stranici<\/b><\/strong><\/h3><p>Ova web stranica koristi kola\u010di\u0107e za upravljanje autentifikacijom, navigacijom i drugim funkcijama te dijeli informacije s tre\u0107em stranama \u010dije aplikacije koristi.<\/p><p>Molimo da prije kori\u0161tenja web stranice pro\u010ditate informacije o vrsti kola\u010di\u0107a, njihovoj svrsi i mogu\u0107nostima brisanja na\u00a0<a href=\"https:\/\/www.opcinamilna.hr\/de\/kolacici\/\">stranici s informacijama o kola\u010di\u0107ima<\/a>.<\/p><p>Ova web stranica ne dijeli va\u0161e osobne informacije s autorima kola\u010di\u0107a tre\u0107ih strana niti direktno koristi kola\u010di\u0107e tre\u0107ih strana.<\/p><h3><strong><b><br \/>Poveznice \/ linkovi tre\u0107ih strana<\/b><\/strong><\/h3><p>U nekim sadr\u017eajima ovih web stranica objavljene su web poveznice \/ linkovi za tre\u0107e strane tj. njihove web stranice. Nastojimo pa\u017eljivo odabrati web stranice na koje upu\u0107ujemo korisnika, vode\u0107i ra\u010duna da one budu relevantnog i kvalitetnog sadr\u017eaja, no ne mo\u017eemo dati nikakva jamstva u pogledu za\u0161tite osobnih podataka na tim stranicama, niti preuzeti bilo kakvu odgovornost za sadr\u017eaj tih stranica.<\/p><p>Ovi uvjeti za\u0161tite osobnih podataka odnose se isklju\u010divo na ove web stranice (zacini.net). Web stranice tre\u0107ih strana imaju svoje neovisne uvjete za\u0161tite osobnih podataka te je obveza korisnika upoznati se s njima prilikom posjete tim web stranicama.<\/p><h3><strong><b><br \/>Kako se koriste prikupljeni osobni podaci<\/b><\/strong><\/h3><p>Va\u0161e podatke koristimo kako bismo vam pru\u017eili najbolje mogu\u0107e iskustvo prilikom kori\u0161tenja ovih web stranica i na\u0161ih usluga.<\/p><p>Prikupljeni podaci koriste se za autentifikaciju, prikupljanje anonimnih statisti\u010dkih podataka i pobolj\u0161anje usluga koje web stranica pru\u017ea.<\/p><p>Obzirom da se na ovoj web stranici ne vr\u0161i registracija korisnika, ona ne prikuplja nikakve osobne podatke korisnika ve\u0107 samo anonimne podatke potrebne za sesije posjeta i podatke za kola\u010di\u0107e tre\u0107ih strana. Ova web stranica ne prodaje niti na bilo koji drugi na\u010din prenosi osobne podatke korisnika tre\u0107im stranama, niti izravno upotrebljava kola\u010di\u0107e tre\u0107ih strana.<\/p><h3><strong><b><br \/>Za\u0161tita osobnih informacija<\/b><\/strong><\/h3><p>Ova web stranica temelji se na Joomla CMS besplatnom sustavu za upravljanje sadr\u017eajima web stranica. U stvaranju ovog sustava sudjeluje puno volontera koji nastoje sustav odr\u017eati sigurnim te se sustav stalno razvija u formi njegovih novijih i sigurnijih verzija. Nove verzije sustava pru\u017eaju ve\u0107u za\u0161titu i sigurnost web stranica te stoga redovno nadogra\u0111ujemo sustav sa svakom novoobjavljenom Joomla CMS verzijom. Web stranica ne prikuplja osobne podatke te stoga nema potrebe za posebnim radnjama za za\u0161titu osobnih podataka korisnika izuzev mjera ve\u0107 ugra\u0111enih u Joomla CMS sustav.<\/p><h3><strong><b><br \/>Postupak u slu\u010daju neovla\u0161tenog pristupa osobnim podacima<\/b><\/strong><\/h3><p>Vlasnik web stranica vodi ra\u010duna o i odgovoran je za a\u017eurnost Joomla CMS verzije web stranica kako bi se osigurala sigurnost prikupljenih osobnih podataka i sprije\u010dio sigurnosni upad i zlouporaba osobnih podataka korisnika.<\/p><p>U slu\u010daju sigurnosnog upada koji bi dopustio neovla\u0161teni pristup osobnim podacima korisnika, vlasnik web stranica \u0107e sukladno odredbama Op\u0107e uredbe o za\u0161titi osobnih podataka (General Data Protection Regulation &#8211; GDPR) sve korisnike i Agenciju za za\u0161titu osobnih podataka (AZOP) koja je nadle\u017ena za nadzor primjene ove Uredbe obavijestiti o neovla\u0161tenom upadu u zakonskom roku od 72 sata.<\/p><h3><strong><b><br \/>Izmjene uvjeta za\u0161tite osobnih podataka<\/b><\/strong><\/h3><p>Ovi uvjeti za\u0161tite osobnih podataka odnose se samo na podatke prikupljene na ovoj web stranici a ne na osobne podatke prikupljene izvan nje.<\/p><p>Op\u0107ina Milna zadr\u017eava pravo izmjene ovih uvjeta za\u0161tite privatnosti bez prethodne najave.<\/p><p>Izmjene \u0107e biti objavljene na samoj web stranici. Preporu\u010damo svim korisnicima da redovno provjeravaju sadr\u017eaj ovih web stranica i uvjete za\u0161tite osobnih podataka.<\/p>\t\t\t\t\t\t\t\t<\/div>\n\t\t\t\t<\/div>\n\t\t\t\t<div class=\"elementor-element elementor-element-7d7720c elementor-widget-divider--view-line elementor-widget elementor-widget-divider\" data-id=\"7d7720c\" data-element_type=\"widget\" data-e-type=\"widget\" data-widget_type=\"divider.default\">\n\t\t\t\t<div class=\"elementor-widget-container\">\n\t\t\t\t\t\t\t<div class=\"elementor-divider\">\n\t\t\t<span class=\"elementor-divider-separator\">\n\t\t\t\t\t\t<\/span>\n\t\t<\/div>\n\t\t\t\t\t\t<\/div>\n\t\t\t\t<\/div>\n\t\t\t\t<div class=\"elementor-element elementor-element-420f101 elementor-widget elementor-widget-spacer\" data-id=\"420f101\" data-element_type=\"widget\" data-e-type=\"widget\" data-widget_type=\"spacer.default\">\n\t\t\t\t<div class=\"elementor-widget-container\">\n\t\t\t\t\t\t\t<div class=\"elementor-spacer\">\n\t\t\t<div class=\"elementor-spacer-inner\"><\/div>\n\t\t<\/div>\n\t\t\t\t\t\t<\/div>\n\t\t\t\t<\/div>\n\t\t\t\t<\/div>\n\t\t\t\t<\/div>\n\t\t\t\t<\/div>\n\t\t\t\t\t<\/div>\n\t\t\t\t<\/div>\n\t\t<div class=\"elementor-element elementor-element-f0aa766 e-flex e-con-boxed e-con e-parent\" data-id=\"f0aa766\" data-element_type=\"container\" data-e-type=\"container\">\n\t\t\t\t\t<div class=\"e-con-inner\">\n\t\t<div class=\"elementor-element elementor-element-4d2ca68 e-con-full e-flex e-con e-child\" data-id=\"4d2ca68\" data-element_type=\"container\" data-e-type=\"container\">\n\t\t\t\t<div class=\"elementor-element elementor-element-027dcd8 elementor-widget elementor-widget-spacer\" data-id=\"027dcd8\" data-element_type=\"widget\" data-e-type=\"widget\" data-widget_type=\"spacer.default\">\n\t\t\t\t<div class=\"elementor-widget-container\">\n\t\t\t\t\t\t\t<div class=\"elementor-spacer\">\n\t\t\t<div class=\"elementor-spacer-inner\"><\/div>\n\t\t<\/div>\n\t\t\t\t\t\t<\/div>\n\t\t\t\t<\/div>\n\t\t\t\t<\/div>\n\t\t\t\t\t<\/div>\n\t\t\t\t<\/div>\n\t\t\t\t<\/div>","protected":false},"excerpt":{"rendered":"<p>Op\u0107i uvjeti za\u0161tite osobnih podataka temelje se na odredbama Op\u0107e uredbe o za\u0161titi osobnih podataka EU 2016\/679 (General Data Protection Regulation &#8211; GDPR) i Zakona o provedbi Op\u0107e uredbe o za\u0161titi podataka (NN 42\/2018) te korisnicima ovih web stranica pru\u017eaju informacije o na\u010dinu prikupljanja, kori\u0161tenja, za\u0161tite, ispravaka i brisanja njihovih osobnih informacija. Poveznica za uvjete [&hellip;]<\/p>\n","protected":false},"author":1,"featured_media":0,"parent":0,"menu_order":0,"comment_status":"closed","ping_status":"closed","template":"","meta":{"inline_featured_image":false,"footnotes":""},"class_list":["post-10208","page","type-page","status-publish","hentry"],"yoast_head":"<!-- This site is optimized with the Yoast SEO plugin v27.6 - https:\/\/yoast.com\/product\/yoast-seo-wordpress\/ -->\n<title>Op\u0107i uvjeti za\u0161tite osobnih podataka - Otkrijte Milnu na otoku Bra\u010du<\/title>\n<meta name=\"robots\" content=\"index, follow, max-snippet:-1, max-image-preview:large, max-video-preview:-1\" \/>\n<link rel=\"canonical\" href=\"https:\/\/www.opcinamilna.hr\/de\/opci-uvjeti-zastite-osobnih-podataka\/\" \/>\n<meta property=\"og:locale\" content=\"de_DE\" \/>\n<meta property=\"og:type\" content=\"article\" \/>\n<meta property=\"og:title\" content=\"Op\u0107i uvjeti za\u0161tite osobnih podataka - Otkrijte Milnu na otoku Bra\u010du\" \/>\n<meta property=\"og:description\" content=\"Op\u0107i uvjeti za\u0161tite osobnih podataka temelje se na odredbama Op\u0107e uredbe o za\u0161titi osobnih podataka EU 2016\/679 (General Data Protection Regulation &#8211; GDPR) i Zakona o provedbi Op\u0107e uredbe o za\u0161titi podataka (NN 42\/2018) te korisnicima ovih web stranica pru\u017eaju informacije o na\u010dinu prikupljanja, kori\u0161tenja, za\u0161tite, ispravaka i brisanja njihovih osobnih informacija. Poveznica za uvjete [&hellip;]\" \/>\n<meta property=\"og:url\" content=\"https:\/\/www.opcinamilna.hr\/de\/opci-uvjeti-zastite-osobnih-podataka\/\" \/>\n<meta property=\"og:site_name\" content=\"Otkrijte Milnu na otoku Bra\u010du\" \/>\n<meta property=\"article:publisher\" content=\"https:\/\/www.facebook.com\/Op%c4%87ina-Milna-Put-razvoja-521314111668527\" \/>\n<meta property=\"article:modified_time\" content=\"2026-04-21T08:00:21+00:00\" \/>\n<meta name=\"twitter:card\" content=\"summary_large_image\" \/>\n<meta name=\"twitter:label1\" content=\"Gesch\u00e4tzte Lesezeit\" \/>\n\t<meta name=\"twitter:data1\" content=\"3\u00a0Minuten\" \/>\n<script type=\"application\/ld+json\" class=\"yoast-schema-graph\">{\"@context\":\"https:\\\/\\\/schema.org\",\"@graph\":[{\"@type\":\"WebPage\",\"@id\":\"https:\\\/\\\/www.opcinamilna.hr\\\/opci-uvjeti-zastite-osobnih-podataka\\\/\",\"url\":\"https:\\\/\\\/www.opcinamilna.hr\\\/opci-uvjeti-zastite-osobnih-podataka\\\/\",\"name\":\"Op\u0107i uvjeti za\u0161tite osobnih podataka - Otkrijte Milnu na otoku Bra\u010du\",\"isPartOf\":{\"@id\":\"https:\\\/\\\/www.opcinamilna.hr\\\/#website\"},\"datePublished\":\"2021-04-21T18:43:58+00:00\",\"dateModified\":\"2026-04-21T08:00:21+00:00\",\"inLanguage\":\"de\",\"potentialAction\":[{\"@type\":\"ReadAction\",\"target\":[\"https:\\\/\\\/www.opcinamilna.hr\\\/opci-uvjeti-zastite-osobnih-podataka\\\/\"]}]},{\"@type\":\"WebSite\",\"@id\":\"https:\\\/\\\/www.opcinamilna.hr\\\/#website\",\"url\":\"https:\\\/\\\/www.opcinamilna.hr\\\/\",\"name\":\"Otkrijte Milnu na otoku Bra\u010du\",\"description\":\"Tu ste uvijek dobrodo\u0161li.\",\"publisher\":{\"@id\":\"https:\\\/\\\/www.opcinamilna.hr\\\/#organization\"},\"potentialAction\":[{\"@type\":\"SearchAction\",\"target\":{\"@type\":\"EntryPoint\",\"urlTemplate\":\"https:\\\/\\\/www.opcinamilna.hr\\\/?s={search_term_string}\"},\"query-input\":{\"@type\":\"PropertyValueSpecification\",\"valueRequired\":true,\"valueName\":\"search_term_string\"}}],\"inLanguage\":\"de\"},{\"@type\":\"Organization\",\"@id\":\"https:\\\/\\\/www.opcinamilna.hr\\\/#organization\",\"name\":\"Op\u0107ina Milna\",\"url\":\"https:\\\/\\\/www.opcinamilna.hr\\\/\",\"logo\":{\"@type\":\"ImageObject\",\"inLanguage\":\"de\",\"@id\":\"https:\\\/\\\/www.opcinamilna.hr\\\/#\\\/schema\\\/logo\\\/image\\\/\",\"url\":\"https:\\\/\\\/www.opcinamilna.hr\\\/wp-content\\\/uploads\\\/2021\\\/05\\\/milna-logo-footer-dark.png\",\"contentUrl\":\"https:\\\/\\\/www.opcinamilna.hr\\\/wp-content\\\/uploads\\\/2021\\\/05\\\/milna-logo-footer-dark.png\",\"width\":538,\"height\":465,\"caption\":\"Op\u0107ina Milna\"},\"image\":{\"@id\":\"https:\\\/\\\/www.opcinamilna.hr\\\/#\\\/schema\\\/logo\\\/image\\\/\"},\"sameAs\":[\"https:\\\/\\\/www.facebook.com\\\/Op\u0107ina-Milna-Put-razvoja-521314111668527\"]}]}<\/script>\n<!-- \/ Yoast SEO plugin. -->","yoast_head_json":{"title":"Op\u0107i uvjeti za\u0161tite osobnih podataka - Otkrijte Milnu na otoku Bra\u010du","robots":{"index":"index","follow":"follow","max-snippet":"max-snippet:-1","max-image-preview":"max-image-preview:large","max-video-preview":"max-video-preview:-1"},"canonical":"https:\/\/www.opcinamilna.hr\/de\/opci-uvjeti-zastite-osobnih-podataka\/","og_locale":"de_DE","og_type":"article","og_title":"Op\u0107i uvjeti za\u0161tite osobnih podataka - Otkrijte Milnu na otoku Bra\u010du","og_description":"Op\u0107i uvjeti za\u0161tite osobnih podataka temelje se na odredbama Op\u0107e uredbe o za\u0161titi osobnih podataka EU 2016\/679 (General Data Protection Regulation &#8211; GDPR) i Zakona o provedbi Op\u0107e uredbe o za\u0161titi podataka (NN 42\/2018) te korisnicima ovih web stranica pru\u017eaju informacije o na\u010dinu prikupljanja, kori\u0161tenja, za\u0161tite, ispravaka i brisanja njihovih osobnih informacija. Poveznica za uvjete [&hellip;]","og_url":"https:\/\/www.opcinamilna.hr\/de\/opci-uvjeti-zastite-osobnih-podataka\/","og_site_name":"Otkrijte Milnu na otoku Bra\u010du","article_publisher":"https:\/\/www.facebook.com\/Op%c4%87ina-Milna-Put-razvoja-521314111668527","article_modified_time":"2026-04-21T08:00:21+00:00","twitter_card":"summary_large_image","twitter_misc":{"Gesch\u00e4tzte Lesezeit":"3\u00a0Minuten"},"schema":{"@context":"https:\/\/schema.org","@graph":[{"@type":"WebPage","@id":"https:\/\/www.opcinamilna.hr\/opci-uvjeti-zastite-osobnih-podataka\/","url":"https:\/\/www.opcinamilna.hr\/opci-uvjeti-zastite-osobnih-podataka\/","name":"Op\u0107i uvjeti za\u0161tite osobnih podataka - Otkrijte Milnu na otoku Bra\u010du","isPartOf":{"@id":"https:\/\/www.opcinamilna.hr\/#website"},"datePublished":"2021-04-21T18:43:58+00:00","dateModified":"2026-04-21T08:00:21+00:00","inLanguage":"de","potentialAction":[{"@type":"ReadAction","target":["https:\/\/www.opcinamilna.hr\/opci-uvjeti-zastite-osobnih-podataka\/"]}]},{"@type":"WebSite","@id":"https:\/\/www.opcinamilna.hr\/#website","url":"https:\/\/www.opcinamilna.hr\/","name":"Otkrijte Milnu na otoku Bra\u010du","description":"Tu ste uvijek dobrodo\u0161li.","publisher":{"@id":"https:\/\/www.opcinamilna.hr\/#organization"},"potentialAction":[{"@type":"SearchAction","target":{"@type":"EntryPoint","urlTemplate":"https:\/\/www.opcinamilna.hr\/?s={search_term_string}"},"query-input":{"@type":"PropertyValueSpecification","valueRequired":true,"valueName":"search_term_string"}}],"inLanguage":"de"},{"@type":"Organization","@id":"https:\/\/www.opcinamilna.hr\/#organization","name":"Op\u0107ina Milna","url":"https:\/\/www.opcinamilna.hr\/","logo":{"@type":"ImageObject","inLanguage":"de","@id":"https:\/\/www.opcinamilna.hr\/#\/schema\/logo\/image\/","url":"https:\/\/www.opcinamilna.hr\/wp-content\/uploads\/2021\/05\/milna-logo-footer-dark.png","contentUrl":"https:\/\/www.opcinamilna.hr\/wp-content\/uploads\/2021\/05\/milna-logo-footer-dark.png","width":538,"height":465,"caption":"Op\u0107ina Milna"},"image":{"@id":"https:\/\/www.opcinamilna.hr\/#\/schema\/logo\/image\/"},"sameAs":["https:\/\/www.facebook.com\/Op\u0107ina-Milna-Put-razvoja-521314111668527"]}]}},"_links":{"self":[{"href":"https:\/\/www.opcinamilna.hr\/de\/wp-json\/wp\/v2\/pages\/10208","targetHints":{"allow":["GET"]}}],"collection":[{"href":"https:\/\/www.opcinamilna.hr\/de\/wp-json\/wp\/v2\/pages"}],"about":[{"href":"https:\/\/www.opcinamilna.hr\/de\/wp-json\/wp\/v2\/types\/page"}],"author":[{"embeddable":true,"href":"https:\/\/www.opcinamilna.hr\/de\/wp-json\/wp\/v2\/users\/1"}],"replies":[{"embeddable":true,"href":"https:\/\/www.opcinamilna.hr\/de\/wp-json\/wp\/v2\/comments?post=10208"}],"version-history":[{"count":0,"href":"https:\/\/www.opcinamilna.hr\/de\/wp-json\/wp\/v2\/pages\/10208\/revisions"}],"wp:attachment":[{"href":"https:\/\/www.opcinamilna.hr\/de\/wp-json\/wp\/v2\/media?parent=10208"}],"curies":[{"name":"wp","href":"https:\/\/api.w.org\/{rel}","templated":true}]}}